{"id":1738,"date":"2013-02-14T10:21:24","date_gmt":"2013-02-14T10:21:24","guid":{"rendered":"http:\/\/localhost\/wordpress\/medicenter\/?page_id=6"},"modified":"2013-02-14T10:21:24","modified_gmt":"2013-02-14T10:21:24","slug":"blog","status":"publish","type":"page","link":"http:\/\/genelcerrahi.net\/?page_id=1738","title":{"rendered":"Blog with sidebar"},"content":{"rendered":"<p>[vc_row el_position=&#8221;first last&#8221;][vc_column width=&#8221;2\/3&#8243;]<ul class=\"blog clearfix page-margin-top\"><li class=\" post post-3285 type-post status-publish format-standard has-post-thumbnail hentry category-endokrin tag-guatr tag-tiroid\"><ul class=\"comment-box clearfix\"><li class=\"date clearfix animated-element animation-slideRight\">\n\t\t\t\t\t\t\t\t<div class=\"value\">EKIM 10, 2021<\/div>\n\t\t\t\t\t\t\t\t<div class=\"arrow-date\"><\/div>\n\t\t\t\t\t\t\t<\/li><li class=\"comments-number animated-element animation-slideUp duration-300 delay-500\">\t\t\t<a href=\"http:\/\/genelcerrahi.net\/?p=3285#respond\" title=\"0 COMMENTS\">0 COMMENTS<\/a>\n\t\t\t\t\t\t\t<\/li><\/ul><div class=\"post-content\"><a class=\"post-image\" href=\"http:\/\/genelcerrahi.net\/?p=3285\" title=\"Guatr (Tiroid) Hastal\u0131klar\u0131\"><span class=\"mc-preloader\"><\/span><img width=\"670\" height=\"446\" src=\"http:\/\/genelcerrahi.net\/wp-content\/uploads\/2017\/01\/image_08-670x446.jpg\" class=\"attachment-blog-post-thumb size-blog-post-thumb wp-post-image\" alt=\"Guatr (Tiroid) Hastal\u0131klar\u0131\" loading=\"lazy\" title=\"\" srcset=\"http:\/\/genelcerrahi.net\/wp-content\/uploads\/2017\/01\/image_08-670x446.jpg 670w, http:\/\/genelcerrahi.net\/wp-content\/uploads\/2017\/01\/image_08-600x400.jpg 600w, http:\/\/genelcerrahi.net\/wp-content\/uploads\/2017\/01\/image_08-480x320.jpg 480w, http:\/\/genelcerrahi.net\/wp-content\/uploads\/2017\/01\/image_08-390x260.jpg 390w, http:\/\/genelcerrahi.net\/wp-content\/uploads\/2017\/01\/image_08-285x190.jpg 285w\" sizes=\"(max-width: 670px) 100vw, 670px\" \/><\/a><h2 class=\"post-title\"><a href=\"http:\/\/genelcerrahi.net\/?p=3285\" title=\"Guatr (Tiroid) Hastal\u0131klar\u0131\">Guatr (Tiroid) Hastal\u0131klar\u0131<\/a><\/h2><p>Tiroid Ameliyat\u0131 Nas\u0131l Yap\u0131l\u0131r? Tiroid ameliyat\u0131 boynun \u00f6n b\u00f6lgesine yap\u0131lan yakla\u015f\u0131k 4-5 cm uzunlu\u011fundaki kesi ile ba\u015flar. \u00d6nce cildin hemen alt\u0131ndaki ince kaslar a\u00e7\u0131larak tiroid bezine ula\u015f\u0131l\u0131r. Tiroid bezi bir kelebek gibi iki kanada sahip&#8230;<\/p>\n<a title=\"Read more\" href=\"http:\/\/genelcerrahi.net\/?p=3285\" class=\"more template-arrow-horizontal-1-after\">Read more<\/a>\t\t<div class=\"post-footer clearfix\">\n\t\t\t\t\t\t\t\t<ul class=\"post-footer-details\"><li class=\"post-footer-author\">\n\t\t\t\t\t\t\t\t\t\tadmin\n\t\t\t\t\t\t\t\t\t<\/li><li class=\"post-footer-category\">\n\t\t\t\t\t\t\t\t\t\t\t<a href=\"http:\/\/genelcerrahi.net\/?cat=5\" title=\"View all posts filed under Endokrin\">Endokrin<\/a>\n\t\t\t\t\t\t\t\t\t\t<\/li><\/ul><\/div><\/div><\/li><li class=\" post post-1919 type-post status-publish format-standard hentry category-endoskopi tag-mide-balonu\"><ul class=\"comment-box clearfix\"><li class=\"date clearfix animated-element animation-slideRight\">\n\t\t\t\t\t\t\t\t<div class=\"value\">EYL\u00fcL 26, 2021<\/div>\n\t\t\t\t\t\t\t\t<div class=\"arrow-date\"><\/div>\n\t\t\t\t\t\t\t<\/li><li class=\"comments-number animated-element animation-slideUp duration-300 delay-500\">\t\t\t<a href=\"http:\/\/genelcerrahi.net\/?p=1919#comments\" title=\"7 COMMENTS\">7 COMMENTS<\/a>\n\t\t\t\t\t\t\t<\/li><\/ul><div class=\"post-content\"><div class=\"gallery-box hover-icons-off\">\n\t\t\t\t\t\t\t\t<ul class=\"image-carousel\"><li><img width=\"670\" height=\"446\" src=\"http:\/\/genelcerrahi.net\/wp-content\/uploads\/2012\/02\/image_09-670x446.jpg\" class=\"attachment-blog-post-thumb size-blog-post-thumb\" alt=\"\" loading=\"lazy\" srcset=\"http:\/\/genelcerrahi.net\/wp-content\/uploads\/2012\/02\/image_09-670x446.jpg 670w, http:\/\/genelcerrahi.net\/wp-content\/uploads\/2012\/02\/image_09-600x400.jpg 600w, http:\/\/genelcerrahi.net\/wp-content\/uploads\/2012\/02\/image_09-480x320.jpg 480w, http:\/\/genelcerrahi.net\/wp-content\/uploads\/2012\/02\/image_09-390x260.jpg 390w, http:\/\/genelcerrahi.net\/wp-content\/uploads\/2012\/02\/image_09-285x190.jpg 285w\" sizes=\"(max-width: 670px) 100vw, 670px\" \/>\n\t\t\t\t\t\t\t\t\t\t<ul class=\"controls\">\n\t\t\t\t\t\t\t\t\t\t\t<li>\n\t\t\t\t\t\t\t\t\t\t\t\t<a href=\"http:\/\/quanticalabs.com\/wptest\/medicenter-new\/files\/2012\/02\/image_09.jpg\" title=\"\" class=\"template-plus-2 fancybox open-lightbox\" rel=\"featured-post\"><\/a>\n\t\t\t\t\t\t\t\t\t\t\t<\/li>\n\t\t\t\t\t\t\t\t\t\t<\/ul>\n\t\t\t\t\t\t\t\t\t<\/li><\/ul>\n\t\t\t\t\t\t\t<\/div><h2 class=\"post-title\"><a href=\"http:\/\/genelcerrahi.net\/?p=1919\" title=\"Mide balonu ile zay\u0131flamak m\u00fcmk\u00fcn m\u00fc?\">Mide balonu ile zay\u0131flamak m\u00fcmk\u00fcn m\u00fc?<\/a><\/h2><p>Health cardio tellus fin amet intend morbi consectetur adipiscing forte. Nullam volutpat rutrum mode technical maecenas a velit ornare. Pharetra interdum libero vitae novum at fiber. Mauris etos vitae turpis interdum pulvinar mode nisi malesuada consectetur&#8230;<\/p>\n<a title=\"Read more\" href=\"http:\/\/genelcerrahi.net\/?p=1919\" class=\"more template-arrow-horizontal-1-after\">Read more<\/a>\t\t<div class=\"post-footer clearfix\">\n\t\t\t\t\t\t\t\t<ul class=\"post-footer-details\"><li class=\"post-footer-author\">\n\t\t\t\t\t\t\t\t\t\tadmin\n\t\t\t\t\t\t\t\t\t<\/li><li class=\"post-footer-category\">\n\t\t\t\t\t\t\t\t\t\t\t<a href=\"http:\/\/genelcerrahi.net\/?cat=6\" title=\"View all posts filed under Endoskopi\">Endoskopi<\/a>\n\t\t\t\t\t\t\t\t\t\t<\/li><\/ul><\/div><\/div><\/li><li class=\" post post-907 type-post status-publish format-standard hentry category-anorektal tag-anal-fissur\"><ul class=\"comment-box clearfix\"><li class=\"date clearfix animated-element animation-slideRight\">\n\t\t\t\t\t\t\t\t<div class=\"value\">EYL\u00fcL 25, 2021<\/div>\n\t\t\t\t\t\t\t\t<div class=\"arrow-date\"><\/div>\n\t\t\t\t\t\t\t<\/li><li class=\"comments-number animated-element animation-slideUp duration-300 delay-500\">\t\t\t<a href=\"http:\/\/genelcerrahi.net\/?p=907#comments\" title=\"4 COMMENTS\">4 COMMENTS<\/a>\n\t\t\t\t\t\t\t<\/li><\/ul><div class=\"post-content\"><h2 class=\"post-title\"><a href=\"http:\/\/genelcerrahi.net\/?p=907\" title=\"Anal Fiss\u00fcr (Makat \u00c7atla\u011f\u0131) ameliyat\u0131\">Anal Fiss\u00fcr (Makat \u00c7atla\u011f\u0131) ameliyat\u0131<\/a><\/h2><blockquote><p>Maecenas etos sit amet, consectetur adipiscing elit. Terminal volutpat rutrum metro amet sollicitudin interdum. Suspendisse pulvinar, velit etos pharetra interdum, ante tellus gravida mollis tellus neque vitae elit.<\/p><\/blockquote>\n<a title=\"Read more\" href=\"http:\/\/genelcerrahi.net\/?p=907\" class=\"more template-arrow-horizontal-1-after\">Read more<\/a>\t\t<div class=\"post-footer clearfix\">\n\t\t\t\t\t\t\t\t<ul class=\"post-footer-details\"><li class=\"post-footer-author\">\n\t\t\t\t\t\t\t\t\t\tadmin\n\t\t\t\t\t\t\t\t\t<\/li><li class=\"post-footer-category\">\n\t\t\t\t\t\t\t\t\t\t\t<a href=\"http:\/\/genelcerrahi.net\/?cat=2\" title=\"View all posts filed under Anorektal Hastal\u0131klar\">Anorektal Hastal\u0131klar<\/a>\n\t\t\t\t\t\t\t\t\t\t<\/li><\/ul><\/div><\/div><\/li><li class=\" post post-3287 type-post status-publish format-standard has-post-thumbnail hentry category-obezite tag-obezite tag-sleeve-gastrektomi\"><ul class=\"comment-box clearfix\"><li class=\"date clearfix animated-element animation-slideRight\">\n\t\t\t\t\t\t\t\t<div class=\"value\">EYL\u00fcL 20, 2021<\/div>\n\t\t\t\t\t\t\t\t<div class=\"arrow-date\"><\/div>\n\t\t\t\t\t\t\t<\/li><li class=\"comments-number animated-element animation-slideUp duration-300 delay-500\">\t\t\t<a href=\"http:\/\/genelcerrahi.net\/?p=3287#respond\" title=\"0 COMMENTS\">0 COMMENTS<\/a>\n\t\t\t\t\t\t\t<\/li><\/ul><div class=\"post-content\"><a class=\"post-image\" href=\"http:\/\/genelcerrahi.net\/?p=3287\" title=\"Obezite Cerrahisi (T\u00fcp Mide ameliyat\u0131)\"><span class=\"mc-preloader\"><\/span><img width=\"670\" height=\"446\" src=\"http:\/\/genelcerrahi.net\/wp-content\/uploads\/2017\/01\/image_06-670x446.jpg\" class=\"attachment-blog-post-thumb size-blog-post-thumb wp-post-image\" alt=\"Obezite Cerrahisi (T\u00fcp Mide ameliyat\u0131)\" loading=\"lazy\" title=\"\" srcset=\"http:\/\/genelcerrahi.net\/wp-content\/uploads\/2017\/01\/image_06-670x446.jpg 670w, http:\/\/genelcerrahi.net\/wp-content\/uploads\/2017\/01\/image_06-600x400.jpg 600w, http:\/\/genelcerrahi.net\/wp-content\/uploads\/2017\/01\/image_06-480x320.jpg 480w, http:\/\/genelcerrahi.net\/wp-content\/uploads\/2017\/01\/image_06-390x260.jpg 390w, http:\/\/genelcerrahi.net\/wp-content\/uploads\/2017\/01\/image_06-285x190.jpg 285w\" sizes=\"(max-width: 670px) 100vw, 670px\" \/><\/a><h2 class=\"post-title\"><a href=\"http:\/\/genelcerrahi.net\/?p=3287\" title=\"Obezite Cerrahisi (T\u00fcp Mide ameliyat\u0131)\">Obezite Cerrahisi (T\u00fcp Mide ameliyat\u0131)<\/a><\/h2><p>Health cardio tellus fin amet intend morbi consectetur adipiscing forte. Nullam volutpat rutrum mode technical maecenas a velit ornare. Pharetra interdum libero vitae novum at fiber. Mauris etos vitae turpis interdum pulvinar mode nisi malesuada consectetur&#8230;<\/p>\n<a title=\"Read more\" href=\"http:\/\/genelcerrahi.net\/?p=3287\" class=\"more template-arrow-horizontal-1-after\">Read more<\/a>\t\t<div class=\"post-footer clearfix\">\n\t\t\t\t\t\t\t\t<ul class=\"post-footer-details\"><li class=\"post-footer-author\">\n\t\t\t\t\t\t\t\t\t\tadmin\n\t\t\t\t\t\t\t\t\t<\/li><li class=\"post-footer-category\">\n\t\t\t\t\t\t\t\t\t\t\t<a href=\"http:\/\/genelcerrahi.net\/?cat=3\" title=\"View all posts filed under Obezite\">Obezite<\/a>\n\t\t\t\t\t\t\t\t\t\t<\/li><\/ul><\/div><\/div><\/li><\/ul><ul class='pagination page-margin-top'><li class='selected'><span>1<\/span><\/li><li><a href='http:\/\/genelcerrahi.net\/index.php?rest_route=%2Fwp%2Fv2%2Fpages%2F1738&#038;paged=2'>2<\/a><\/li><li><a href='http:\/\/genelcerrahi.net\/index.php?rest_route=%2Fwp%2Fv2%2Fpages%2F1738&#038;paged=3'>3<\/a><\/li><li><a href='http:\/\/genelcerrahi.net\/index.php?rest_route=%2Fwp%2Fv2%2Fpages%2F1738&#038;paged=4'>4<\/a><\/li><\/ul>[\/vc_column][vc_column width=&#8221;1\/3&#8243;][vc_widget_sidebar top_margin=&#8221;page-margin-top&#8221; sidebar_id=&#8221;sidebar-blog&#8221; el_position=&#8221;first&#8221;]<h3 class=\"box-header animation-slide page-margin-top\">Photostream<\/h3><ul class=\"photostream clearfix default\"><li class=\"gallery-box hover-icons-off\"><img width=\"100\" height=\"100\" src=\"http:\/\/genelcerrahi.net\/wp-content\/uploads\/2017\/01\/image_08-100x100.jpg\" class=\"attachment-medicenter-small-thumb size-medicenter-small-thumb\" alt=\"\" loading=\"lazy\" srcset=\"http:\/\/genelcerrahi.net\/wp-content\/uploads\/2017\/01\/image_08-100x100.jpg 100w, http:\/\/genelcerrahi.net\/wp-content\/uploads\/2017\/01\/image_08-150x150.jpg 150w\" sizes=\"(max-width: 100px) 100vw, 100px\" \/><ul class=\"controls\">\n\t\t\t\t\t<li>\n\t\t\t\t\t\t<a href=\"http:\/\/genelcerrahi.net\/wp-content\/uploads\/2017\/01\/image_08.jpg\" rel=photostream[photostream]\" class=\"fancybox open-lightbox template-plus-2\"><\/a>\n\t\t\t\t\t<\/li>\n\t\t\t\t<\/ul>\n\t\t\t<\/li><li class=\"gallery-box hover-icons-off\"><img width=\"100\" height=\"100\" src=\"http:\/\/genelcerrahi.net\/wp-content\/uploads\/2017\/01\/image_02-100x100.jpg\" class=\"attachment-medicenter-small-thumb size-medicenter-small-thumb\" alt=\"\" loading=\"lazy\" srcset=\"http:\/\/genelcerrahi.net\/wp-content\/uploads\/2017\/01\/image_02-100x100.jpg 100w, http:\/\/genelcerrahi.net\/wp-content\/uploads\/2017\/01\/image_02-150x150.jpg 150w\" sizes=\"(max-width: 100px) 100vw, 100px\" \/><ul class=\"controls\">\n\t\t\t\t\t<li>\n\t\t\t\t\t\t<a href=\"http:\/\/genelcerrahi.net\/wp-content\/uploads\/2017\/01\/image_02.jpg\" rel=photostream[photostream]\" class=\"fancybox open-lightbox template-plus-2\"><\/a>\n\t\t\t\t\t<\/li>\n\t\t\t\t<\/ul>\n\t\t\t<\/li><li class=\"gallery-box hover-icons-off\"><img width=\"100\" height=\"100\" src=\"http:\/\/genelcerrahi.net\/wp-content\/uploads\/2017\/01\/image_03-100x100.jpg\" class=\"attachment-medicenter-small-thumb size-medicenter-small-thumb\" alt=\"\" loading=\"lazy\" srcset=\"http:\/\/genelcerrahi.net\/wp-content\/uploads\/2017\/01\/image_03-100x100.jpg 100w, http:\/\/genelcerrahi.net\/wp-content\/uploads\/2017\/01\/image_03-150x150.jpg 150w\" sizes=\"(max-width: 100px) 100vw, 100px\" \/><ul class=\"controls\">\n\t\t\t\t\t<li>\n\t\t\t\t\t\t<a href=\"http:\/\/genelcerrahi.net\/wp-content\/uploads\/2017\/01\/image_03.jpg\" rel=photostream[photostream]\" class=\"fancybox open-lightbox template-plus-2\"><\/a>\n\t\t\t\t\t<\/li>\n\t\t\t\t<\/ul>\n\t\t\t<\/li><li class=\"gallery-box hover-icons-off\"><img width=\"100\" height=\"100\" src=\"http:\/\/genelcerrahi.net\/wp-content\/uploads\/2017\/01\/image_04-100x100.jpg\" class=\"attachment-medicenter-small-thumb size-medicenter-small-thumb\" alt=\"\" loading=\"lazy\" srcset=\"http:\/\/genelcerrahi.net\/wp-content\/uploads\/2017\/01\/image_04-100x100.jpg 100w, http:\/\/genelcerrahi.net\/wp-content\/uploads\/2017\/01\/image_04-150x150.jpg 150w\" sizes=\"(max-width: 100px) 100vw, 100px\" \/><ul class=\"controls\">\n\t\t\t\t\t<li>\n\t\t\t\t\t\t<a href=\"http:\/\/genelcerrahi.net\/wp-content\/uploads\/2017\/01\/image_04.jpg\" rel=photostream[photostream]\" class=\"fancybox open-lightbox template-plus-2\"><\/a>\n\t\t\t\t\t<\/li>\n\t\t\t\t<\/ul>\n\t\t\t<\/li><li class=\"gallery-box hover-icons-off\"><img width=\"100\" height=\"100\" src=\"http:\/\/genelcerrahi.net\/wp-content\/uploads\/2017\/01\/image_05-100x100.jpg\" class=\"attachment-medicenter-small-thumb size-medicenter-small-thumb\" alt=\"\" loading=\"lazy\" srcset=\"http:\/\/genelcerrahi.net\/wp-content\/uploads\/2017\/01\/image_05-100x100.jpg 100w, http:\/\/genelcerrahi.net\/wp-content\/uploads\/2017\/01\/image_05-150x150.jpg 150w\" sizes=\"(max-width: 100px) 100vw, 100px\" \/><ul class=\"controls\">\n\t\t\t\t\t<li>\n\t\t\t\t\t\t<a href=\"http:\/\/genelcerrahi.net\/wp-content\/uploads\/2017\/01\/image_05.jpg\" rel=photostream[photostream]\" class=\"fancybox open-lightbox template-plus-2\"><\/a>\n\t\t\t\t\t<\/li>\n\t\t\t\t<\/ul>\n\t\t\t<\/li><li class=\"gallery-box hover-icons-off\"><img width=\"100\" height=\"100\" src=\"http:\/\/genelcerrahi.net\/wp-content\/uploads\/2017\/01\/image_06-100x100.jpg\" class=\"attachment-medicenter-small-thumb size-medicenter-small-thumb\" alt=\"\" loading=\"lazy\" srcset=\"http:\/\/genelcerrahi.net\/wp-content\/uploads\/2017\/01\/image_06-100x100.jpg 100w, http:\/\/genelcerrahi.net\/wp-content\/uploads\/2017\/01\/image_06-150x150.jpg 150w\" sizes=\"(max-width: 100px) 100vw, 100px\" \/><ul class=\"controls\">\n\t\t\t\t\t<li>\n\t\t\t\t\t\t<a href=\"http:\/\/genelcerrahi.net\/wp-content\/uploads\/2017\/01\/image_06.jpg\" rel=photostream[photostream]\" class=\"fancybox open-lightbox template-plus-2\"><\/a>\n\t\t\t\t\t<\/li>\n\t\t\t\t<\/ul>\n\t\t\t<\/li><li class=\"gallery-box hover-icons-off\"><img width=\"100\" height=\"100\" src=\"http:\/\/genelcerrahi.net\/wp-content\/uploads\/2012\/02\/image_10-100x100.jpg\" class=\"attachment-medicenter-small-thumb size-medicenter-small-thumb\" alt=\"\" loading=\"lazy\" srcset=\"http:\/\/genelcerrahi.net\/wp-content\/uploads\/2012\/02\/image_10-100x100.jpg 100w, http:\/\/genelcerrahi.net\/wp-content\/uploads\/2012\/02\/image_10-150x150.jpg 150w\" sizes=\"(max-width: 100px) 100vw, 100px\" \/><ul class=\"controls\">\n\t\t\t\t\t<li>\n\t\t\t\t\t\t<a href=\"http:\/\/genelcerrahi.net\/wp-content\/uploads\/2012\/02\/image_10.jpg\" rel=photostream[photostream]\" class=\"fancybox open-lightbox template-plus-2\"><\/a>\n\t\t\t\t\t<\/li>\n\t\t\t\t<\/ul>\n\t\t\t<\/li><li class=\"gallery-box hover-icons-off\"><img width=\"100\" height=\"100\" src=\"http:\/\/genelcerrahi.net\/wp-content\/uploads\/2012\/02\/image_11-100x100.jpg\" class=\"attachment-medicenter-small-thumb size-medicenter-small-thumb\" alt=\"\" loading=\"lazy\" srcset=\"http:\/\/genelcerrahi.net\/wp-content\/uploads\/2012\/02\/image_11-100x100.jpg 100w, http:\/\/genelcerrahi.net\/wp-content\/uploads\/2012\/02\/image_11-150x150.jpg 150w\" sizes=\"(max-width: 100px) 100vw, 100px\" \/><ul class=\"controls\">\n\t\t\t\t\t<li>\n\t\t\t\t\t\t<a href=\"http:\/\/genelcerrahi.net\/wp-content\/uploads\/2012\/02\/image_11.jpg\" rel=photostream[photostream]\" class=\"fancybox open-lightbox template-plus-2\"><\/a>\n\t\t\t\t\t<\/li>\n\t\t\t\t<\/ul>\n\t\t\t<\/li><\/ul>[vc_widget_sidebar top_margin=&#8221;page-margin-top&#8221; sidebar_id=&#8221;sidebar-blog-2&#8243; el_position=&#8221;last&#8221;][\/vc_column][\/vc_row]<\/p>\n","protected":false},"excerpt":{"rendered":"<p>[vc_row el_position=&#8221;first last&#8221;][vc_column width=&#8221;2\/3&#8243;][\/vc_column][vc_column width=&#8221;1\/3&#8243;][vc_widget_sidebar top_margin=&#8221;page-margin-top&#8221; sidebar_id=&#8221;sidebar-blog&#8221; el_position=&#8221;first&#8221;][vc_widget_sidebar top_margin=&#8221;page-margin-top&#8221; sidebar_id=&#8221;sidebar-blog-2&#8243; el_position=&#8221;last&#8221;][\/vc_column][\/vc_row]<\/p>\n","protected":false},"author":1,"featured_media":0,"parent":0,"menu_order":0,"comment_status":"open","ping_status":"open","template":"template-blog.php","meta":[],"_links":{"self":[{"href":"http:\/\/genelcerrahi.net\/index.php?rest_route=\/wp\/v2\/pages\/1738"}],"collection":[{"href":"http:\/\/genelcerrahi.net\/index.php?rest_route=\/wp\/v2\/pages"}],"about":[{"href":"http:\/\/genelcerrahi.net\/index.php?rest_route=\/wp\/v2\/types\/page"}],"author":[{"embeddable":true,"href":"http:\/\/genelcerrahi.net\/index.php?rest_route=\/wp\/v2\/users\/1"}],"replies":[{"embeddable":true,"href":"http:\/\/genelcerrahi.net\/index.php?rest_route=%2Fwp%2Fv2%2Fcomments&post=1738"}],"version-history":[{"count":0,"href":"http:\/\/genelcerrahi.net\/index.php?rest_route=\/wp\/v2\/pages\/1738\/revisions"}],"wp:attachment":[{"href":"http:\/\/genelcerrahi.net\/index.php?rest_route=%2Fwp%2Fv2%2Fmedia&parent=1738"}],"curies":[{"name":"wp","href":"https:\/\/api.w.org\/{rel}","templated":true}]}}