{"id":3756,"date":"2018-10-24T13:39:13","date_gmt":"2018-10-24T13:39:13","guid":{"rendered":"http:\/\/quanticalabs.com\/wptest\/medicenter-new\/?page_id=3756"},"modified":"2021-12-18T10:35:41","modified_gmt":"2021-12-18T10:35:41","slug":"home","status":"publish","type":"page","link":"http:\/\/genelcerrahi.net\/","title":{"rendered":"Ana Sayfa"},"content":{"rendered":"<p>[vc_row type=&#8221;full-width&#8221;][vc_column][rev_slider_vc alias=&#8221;home&#8221;][\/vc_column][\/vc_row][vc_row][vc_column][vc_widget_sidebar sidebar_id=&#8221;sidebar-home-top&#8221; el_class=&#8221;home-box-container-list for-home-slider&#8221;][\/vc_column][\/vc_row][vc_row top_margin=&#8221;page-margin-top-section&#8221;][vc_column width=&#8221;1\/3&#8243;]<h2 class=\"box-header large no-border\">Cerrahi Bir Ekip \u0130\u015fidir. ''GenelCerrahi.Net.''<\/h2>[\/vc_column][vc_column width=&#8221;2\/3&#8243;][vc_column_text el_class=&#8221;large padding-0&#8243;]Hastal\u0131klar\u0131n tan\u0131s\u0131ndan tedavisine kadar sa\u011fl\u0131k hizmeti bir ekip i\u015fidir. \u00d6zellikle &#8221;Cerrahi tam bir ekip i\u015fidir&#8221;.\u00a0 Sahnesi ameliyathane olan bir g\u00f6steridir asl\u0131nda cerrahi. T\u00fcm oyuncular beraber ve g\u00fczel oynar ise iyi bir film ortaya \u00e7\u0131kar. \u0130zlenir, anlat\u0131l\u0131r, \u00f6v\u00fcl\u00fcr. <em>\u00a0<\/em>[\/vc_column_text][\/vc_column][\/vc_row][vc_row top_margin=&#8221;page-margin-top-section&#8221;][vc_column]<ul class=\"services-list clearfix\"><li class=\"vc_row wpb_row vc_row-fluid\"><ul><li><a href=\"http:\/\/genelcerrahi.net\/?ql_services=healthcare-center\" title=\"CERRAH\u0130 TEDAV\u0130 MERKEZ\u0130\"><img width=\"480\" height=\"320\" src=\"http:\/\/genelcerrahi.net\/wp-content\/uploads\/2021\/04\/36db3be6592d31fb46861ddcac6fbbfaf4f07c8f-480x320.jpg\" class=\"attachment-medium-thumb size-medium-thumb wp-post-image\" alt=\"CERRAH\u0130 TEDAV\u0130 MERKEZ\u0130\" loading=\"lazy\" title=\"\" srcset=\"http:\/\/genelcerrahi.net\/wp-content\/uploads\/2021\/04\/36db3be6592d31fb46861ddcac6fbbfaf4f07c8f-480x320.jpg 480w, http:\/\/genelcerrahi.net\/wp-content\/uploads\/2021\/04\/36db3be6592d31fb46861ddcac6fbbfaf4f07c8f-960x640.jpg 960w, http:\/\/genelcerrahi.net\/wp-content\/uploads\/2021\/04\/36db3be6592d31fb46861ddcac6fbbfaf4f07c8f-670x446.jpg 670w, http:\/\/genelcerrahi.net\/wp-content\/uploads\/2021\/04\/36db3be6592d31fb46861ddcac6fbbfaf4f07c8f-600x400.jpg 600w, http:\/\/genelcerrahi.net\/wp-content\/uploads\/2021\/04\/36db3be6592d31fb46861ddcac6fbbfaf4f07c8f-390x260.jpg 390w, http:\/\/genelcerrahi.net\/wp-content\/uploads\/2021\/04\/36db3be6592d31fb46861ddcac6fbbfaf4f07c8f-285x190.jpg 285w\" sizes=\"(max-width: 480px) 100vw, 480px\" \/><\/a><div class=\"service-details\"><h4 class=\"box-header\"><a href=\"http:\/\/genelcerrahi.net\/?ql_services=healthcare-center\" title=\"CERRAH\u0130 TEDAV\u0130 MERKEZ\u0130\">CERRAH\u0130 TEDAV\u0130 MERKEZ\u0130<\/a><\/h4><p>Our goal is to provide a patient-centered medical home for all patients<\/p>\n<\/div><\/li><li><a href=\"http:\/\/genelcerrahi.net\/?ql_services=immediate-care\" title=\"MED\u0130KAL TEDAV\u0130 MERKEZ\u0130\"><img width=\"480\" height=\"320\" src=\"http:\/\/genelcerrahi.net\/wp-content\/uploads\/2018\/10\/YATARAK-TEDAVI-e1625917132625-480x320.jpg\" class=\"attachment-medium-thumb size-medium-thumb wp-post-image\" alt=\"MED\u0130KAL TEDAV\u0130 MERKEZ\u0130\" loading=\"lazy\" title=\"\" srcset=\"http:\/\/genelcerrahi.net\/wp-content\/uploads\/2018\/10\/YATARAK-TEDAVI-e1625917132625-480x320.jpg 480w, http:\/\/genelcerrahi.net\/wp-content\/uploads\/2018\/10\/YATARAK-TEDAVI-e1625917132625-670x446.jpg 670w, http:\/\/genelcerrahi.net\/wp-content\/uploads\/2018\/10\/YATARAK-TEDAVI-e1625917132625-600x400.jpg 600w, http:\/\/genelcerrahi.net\/wp-content\/uploads\/2018\/10\/YATARAK-TEDAVI-e1625917132625-390x260.jpg 390w, http:\/\/genelcerrahi.net\/wp-content\/uploads\/2018\/10\/YATARAK-TEDAVI-e1625917132625-285x190.jpg 285w\" sizes=\"(max-width: 480px) 100vw, 480px\" \/><\/a><div class=\"service-details\"><h4 class=\"box-header\"><a href=\"http:\/\/genelcerrahi.net\/?ql_services=immediate-care\" title=\"MED\u0130KAL TEDAV\u0130 MERKEZ\u0130\">MED\u0130KAL TEDAV\u0130 MERKEZ\u0130<\/a><\/h4><p>Effective and affordable treatment for non-life threatening illnesses<\/p>\n<\/div><\/li><li><a href=\"http:\/\/genelcerrahi.net\/?ql_services=diagnostic-center\" title=\"TANI MERKEZ\u0130\"><img width=\"480\" height=\"320\" src=\"http:\/\/genelcerrahi.net\/wp-content\/uploads\/2018\/10\/Echelon-480x320.jpg\" class=\"attachment-medium-thumb size-medium-thumb wp-post-image\" alt=\"TANI MERKEZ\u0130\" loading=\"lazy\" title=\"\" srcset=\"http:\/\/genelcerrahi.net\/wp-content\/uploads\/2018\/10\/Echelon-480x320.jpg 480w, http:\/\/genelcerrahi.net\/wp-content\/uploads\/2018\/10\/Echelon-390x260.jpg 390w, http:\/\/genelcerrahi.net\/wp-content\/uploads\/2018\/10\/Echelon-285x190.jpg 285w\" sizes=\"(max-width: 480px) 100vw, 480px\" \/><\/a><div class=\"service-details\"><h4 class=\"box-header\"><a href=\"http:\/\/genelcerrahi.net\/?ql_services=diagnostic-center\" title=\"TANI MERKEZ\u0130\">TANI MERKEZ\u0130<\/a><\/h4><p>Offers a wide array of reliable lab and diagnostic imaging services<\/p>\n<\/div><\/li><\/ul><\/li><\/ul>[\/vc_column][\/vc_row][vc_row top_margin=&#8221;page-margin-top-section&#8221;][vc_column]<h2 class=\"box-header large align-center\">Genel Cerrahi Uzman Kadrosu<\/h2>[vc_column_text el_class=&#8221;large align-center margin-top-20&#8243;]Kendi alanlar\u0131nda deneyimli uzman hekim kadrosu ile genel cerrahi bran\u015f\u0131ndaki t\u00fcm hastal\u0131klar\u0131n g\u00fcncel tedavisi i\u00e7in tek adres: GenelCerrahi.Net[\/vc_column_text]<div class=\"clearfix scrolling-controls\">\n\t\t\t\t<div class=\"header-left\"><\/div>\n\t\t\t\t<div class=\"header-right\"><a href=\"#\" id=\"carousel_prev\" class=\"scrolling-list-control-left template-arrow-horizontal-3\"><\/a><a href=\"#\" id=\"carousel_next\" class=\"scrolling-list-control-right template-arrow-horizontal-3\"><\/a><\/div><\/div>\n\t\t\t\t<ul class=\"mc-gallery gallery-4-columns dm_carousel horizontal-carousel carousel id-carousel autoplay-0 pause_on_hover-1 scroll-1 effect-scroll easing-swing duration-500\"><li class=\"gallery-box gallery-box-1 hover-icons-off\" id=\"gallery-item-ann-blyumin-prof\"><img width=\"285\" height=\"190\" src=\"http:\/\/genelcerrahi.net\/wp-content\/uploads\/2021\/12\/irfan-hoca-web-285x190.jpeg\" class=\"mc-preload wp-post-image\" alt=\"Op. Dr. \u0130rfan Ba\u015fp\u0131nar\" loading=\"lazy\" title=\"\" srcset=\"http:\/\/genelcerrahi.net\/wp-content\/uploads\/2021\/12\/irfan-hoca-web-285x190.jpeg 285w, http:\/\/genelcerrahi.net\/wp-content\/uploads\/2021\/12\/irfan-hoca-web-600x400.jpeg 600w, http:\/\/genelcerrahi.net\/wp-content\/uploads\/2021\/12\/irfan-hoca-web-480x320.jpeg 480w, http:\/\/genelcerrahi.net\/wp-content\/uploads\/2021\/12\/irfan-hoca-web-390x260.jpeg 390w\" sizes=\"(max-width: 285px) 100vw, 285px\" \/>\n\t\t\t\t\t\t<div class=\"description\">\n\t\t\t\t\t\t\t<h4>Op. Dr. \u0130rfan Ba\u015fp\u0131nar<\/h4>\n\t\t\t\t\t\t\t<h5>Genel Cerrahi Uzman\u0131<\/h5>\n\t\t\t\t\t\t<\/div><div class=\"item-details\"><p>Acil cerrahi, Endoskopi, Sindirim sistemi hastal\u0131klar\u0131, Meme hastal\u0131klar\u0131, Anorektal cerrahi, F\u0131t\u0131k cerrahisi, Onkolojik cerrahi,<\/p>\n<\/div><ul class=\"social-icons clearfix\"><li><a class=\"social-facebook\" href=\"http:\/\/facebook.com\/drbaspinar\" target=\"_blank\" title=\"\">&nbsp;<\/a><\/li><li><a class=\"social-instagram\" href=\"http:\/\/@dr.irfanbaspinar\" title=\"\">&nbsp;<\/a><\/li><li><a class=\"social-linkedin\" href=\"https:\/\/linkedin.com\" target=\"_blank\" title=\"\">&nbsp;<\/a><\/li><li><a class=\"social-twitter\" href=\"http:\/\/www.twitter.com\" target=\"_blank\" title=\"\">&nbsp;<\/a><\/li><\/ul>\n\t\t\t\t\t\t<ul class=\"controls\">\n\t\t\t\t\t\t\t<li>\n\t\t\t\t\t\t\t\t<a href=\"http:\/\/genelcerrahi.net\/?doctors=ann-blyumin-prof\" class=\"template-menu-2 open-details\"><\/a>\n\t\t\t\t\t\t\t<\/li><li><a href=\"http:\/\/genelcerrahi.net\/wp-content\/uploads\/2021\/12\/irfan-hoca-web.jpeg\" class=\"template-plus-2 fancybox open-lightbox\" rel=\"mcgallery[loop]\"><\/a>\n\t\t\t\t\t<\/li><\/ul><\/li><li class=\"gallery-box gallery-box-2 hover-icons-off\" id=\"gallery-item-john-d-tom\"><img width=\"285\" height=\"190\" src=\"http:\/\/genelcerrahi.net\/wp-content\/uploads\/2021\/12\/ismailborucu-285x190.png\" class=\"mc-preload wp-post-image\" alt=\"Op.Dr. \u0130smail Borucu\" loading=\"lazy\" title=\"\" srcset=\"http:\/\/genelcerrahi.net\/wp-content\/uploads\/2021\/12\/ismailborucu-285x190.png 285w, http:\/\/genelcerrahi.net\/wp-content\/uploads\/2021\/12\/ismailborucu-600x400.png 600w, http:\/\/genelcerrahi.net\/wp-content\/uploads\/2021\/12\/ismailborucu-480x320.png 480w, http:\/\/genelcerrahi.net\/wp-content\/uploads\/2021\/12\/ismailborucu-390x260.png 390w\" sizes=\"(max-width: 285px) 100vw, 285px\" \/>\n\t\t\t\t\t\t<div class=\"description\">\n\t\t\t\t\t\t\t<h4>Op.Dr. \u0130smail Borucu<\/h4>\n\t\t\t\t\t\t\t<h5>Genel Cerrahi Uzman\u0131<\/h5>\n\t\t\t\t\t\t<\/div><div class=\"item-details\"><p>Acil cerrahi, Endoskopi, Sindirim sistemi hastal\u0131klar\u0131, Meme hastal\u0131klar\u0131, Anorektal cerrahi, F\u0131t\u0131k cerrahisi, Onkolojik cerrahi,<\/p>\n<\/div><ul class=\"social-icons clearfix\"><li><a class=\"social-youtube\" href=\"https:\/\/www.youtube.com\/user\/quanticalabs\" target=\"_blank\" title=\"\">&nbsp;<\/a><\/li><li><a class=\"social-instagram\" href=\"#\" title=\"\">&nbsp;<\/a><\/li><li><a class=\"social-facebook\" href=\"#\" title=\"\">&nbsp;<\/a><\/li><li><a class=\"social-linkedin\" href=\"\" title=\"\">&nbsp;<\/a><\/li><\/ul>\n\t\t\t\t\t\t<ul class=\"controls\">\n\t\t\t\t\t\t\t<li>\n\t\t\t\t\t\t\t\t<a href=\"http:\/\/genelcerrahi.net\/?doctors=john-d-tom\" class=\"template-menu-2 open-details\"><\/a>\n\t\t\t\t\t\t\t<\/li><li><a href=\"http:\/\/genelcerrahi.net\/wp-content\/uploads\/2021\/12\/ismailborucu.png\" class=\"template-plus-2 fancybox open-lightbox\" rel=\"mcgallery[loop]\"><\/a>\n\t\t\t\t\t<\/li><\/ul><\/li><li class=\"gallery-box gallery-box-3 hover-icons-off\" id=\"gallery-item-tim-duncan\"><img width=\"225\" height=\"190\" src=\"http:\/\/genelcerrahi.net\/wp-content\/uploads\/2013\/05\/umut-barbaros-225x190.jpg\" class=\"mc-preload wp-post-image\" alt=\"Prof. Dr. Umut Barbaros\" loading=\"lazy\" title=\"\" \/>\n\t\t\t\t\t\t<div class=\"description\">\n\t\t\t\t\t\t\t<h4>Prof. Dr. Umut Barbaros<\/h4>\n\t\t\t\t\t\t\t<h5>Genel Cerrahi Uzman\u0131<\/h5>\n\t\t\t\t\t\t<\/div><div class=\"item-details\"><p>Acil cerrahi, Endoskopi, Sindirim sistemi hastal\u0131klar\u0131, Meme hastal\u0131klar\u0131, Anorektal cerrahi, F\u0131t\u0131k cerrahisi, Onkolojik cerrahi,<\/p>\n<\/div><ul class=\"social-icons clearfix\"><li><a class=\"social-facebook\" href=\"http:\/\/facebook.com\/drmuharremkuzkaya\/\" target=\"_blank\" title=\"\">&nbsp;<\/a><\/li><li><a class=\"social-linkedin\" href=\"#\" title=\"\">&nbsp;<\/a><\/li><li><a class=\"social-instagram\" href=\"#\" title=\"\">&nbsp;<\/a><\/li><li><a class=\"social-twitter\" href=\"\" title=\"\">&nbsp;<\/a><\/li><\/ul>\n\t\t\t\t\t\t<ul class=\"controls\">\n\t\t\t\t\t\t\t<li>\n\t\t\t\t\t\t\t\t<a href=\"http:\/\/genelcerrahi.net\/?doctors=tim-duncan\" class=\"template-menu-2 open-details\"><\/a>\n\t\t\t\t\t\t\t<\/li><li><a href=\"http:\/\/genelcerrahi.net\/wp-content\/uploads\/2013\/05\/umut-barbaros.jpg\" class=\"template-plus-2 fancybox open-lightbox\" rel=\"mcgallery[loop]\"><\/a>\n\t\t\t\t\t<\/li><\/ul><\/li><li class=\"gallery-box gallery-box-4 hover-icons-off\" id=\"gallery-item-robert-van-hex\"><img width=\"285\" height=\"190\" src=\"http:\/\/genelcerrahi.net\/wp-content\/uploads\/2013\/05\/koray-karabulut2-285x190.jpg\" class=\"mc-preload wp-post-image\" alt=\"Prof.Dr. Koray Karabulut\" loading=\"lazy\" title=\"\" srcset=\"http:\/\/genelcerrahi.net\/wp-content\/uploads\/2013\/05\/koray-karabulut2-285x190.jpg 285w, http:\/\/genelcerrahi.net\/wp-content\/uploads\/2013\/05\/koray-karabulut2-300x199.jpg 300w, http:\/\/genelcerrahi.net\/wp-content\/uploads\/2013\/05\/koray-karabulut2-768x510.jpg 768w, http:\/\/genelcerrahi.net\/wp-content\/uploads\/2013\/05\/koray-karabulut2-670x446.jpg 670w, http:\/\/genelcerrahi.net\/wp-content\/uploads\/2013\/05\/koray-karabulut2-600x400.jpg 600w, http:\/\/genelcerrahi.net\/wp-content\/uploads\/2013\/05\/koray-karabulut2-480x320.jpg 480w, http:\/\/genelcerrahi.net\/wp-content\/uploads\/2013\/05\/koray-karabulut2-390x260.jpg 390w, http:\/\/genelcerrahi.net\/wp-content\/uploads\/2013\/05\/koray-karabulut2.jpg 1001w\" sizes=\"(max-width: 285px) 100vw, 285px\" \/>\n\t\t\t\t\t\t<div class=\"description\">\n\t\t\t\t\t\t\t<h4>Prof.Dr. Koray Karabulut<\/h4>\n\t\t\t\t\t\t\t<h5>Genel Cerrahi Uzman\u0131<\/h5>\n\t\t\t\t\t\t<\/div><div class=\"item-details\"><p>Obezite cerrahisi, Onkolojik cerrahi, Robotik cerrahi, Karaci\u011fer nakli, Laparoskopik cerrahi, Pankreas cerrahisi<\/p>\n<\/div><ul class=\"social-icons clearfix\"><li><a class=\"social-facebook\" href=\"http:\/\/facebook.com\/QuanticaLabs\" target=\"_blank\" title=\"\">&nbsp;<\/a><\/li><li><a class=\"social-linkedin\" href=\"#\" title=\"\">&nbsp;<\/a><\/li><li><a class=\"social-instagram\" href=\"#\" title=\"\">&nbsp;<\/a><\/li><li><a class=\"social-twitter\" href=\"\" title=\"\">&nbsp;<\/a><\/li><\/ul>\n\t\t\t\t\t\t<ul class=\"controls\">\n\t\t\t\t\t\t\t<li>\n\t\t\t\t\t\t\t\t<a href=\"http:\/\/genelcerrahi.net\/?doctors=robert-van-hex\" class=\"template-menu-2 open-details\"><\/a>\n\t\t\t\t\t\t\t<\/li><li><a href=\"http:\/\/genelcerrahi.net\/wp-content\/uploads\/2013\/05\/koray-karabulut2.jpg\" class=\"template-plus-2 fancybox open-lightbox\" rel=\"mcgallery[loop]\"><\/a>\n\t\t\t\t\t<\/li><\/ul><\/li><\/ul>[\/vc_column][\/vc_row][vc_row type=&#8221;full-width&#8221; el_class=&#8221;padding-top-89&#8243;][vc_column][vc_row_inner top_margin=&#8221;page-margin-top&#8221;][vc_column_inner width=&#8221;1\/3&#8243;]<ul class=\"clearfix mc-features mc-features-large mc-features-style-default\"><li class=\"item-content clearfix\">\r\n\t\t\t\t<a class=\"hexagon animated-element animation-scale\" href=\"http:\/\/genelcerrahi.net\/?features=blood-clotting-disorder\" title=\"Anorektal Hastal\u0131klar\"><span class=\"features-healthcare\"><\/span><\/a><div class=\"text\"><h3><a href=\"http:\/\/genelcerrahi.net\/?features=blood-clotting-disorder\"  title=\"Anorektal Hastal\u0131klar\">Anorektal Hastal\u0131klar<\/a><\/h3><p>An\u00fcs (makat) ve kal\u0131n ba\u011f\u0131rsa\u011f\u0131n 10-12 cm uzunlu\u011funda son b\u00f6l\u00fcm\u00fc olan rektumu etkileyen hastal\u0131klar <\/p>\n<\/div>\r\n\t\t\t<\/li><li class=\"item-content clearfix\">\r\n\t\t\t\t<a class=\"hexagon animated-element animation-scale\" href=\"http:\/\/genelcerrahi.net\/?features=generics-strategies\" title=\"Onkolojik Cerrahi\"><span class=\"features-medical-scissors\"><\/span><\/a><div class=\"text\"><h3><a href=\"http:\/\/genelcerrahi.net\/?features=generics-strategies\"  title=\"Onkolojik Cerrahi\">Onkolojik Cerrahi<\/a><\/h3><p>Sindirim sistemi ba\u015fta olmak \u00fczere i\u00e7 organlara ait kanser hastal\u0131klar\u0131n\u0131n cerrahi tedavisi<\/p>\n<\/div>\r\n\t\t\t<\/li><\/ul>[\/vc_column_inner][vc_column_inner width=&#8221;1\/3&#8243;]<ul class=\"clearfix mc-features mc-features-large mc-features-style-default\"><li class=\"item-content clearfix\">\r\n\t\t\t\t<a class=\"hexagon animated-element animation-scale\" href=\"http:\/\/genelcerrahi.net\/?features=springtime-allergies\" title=\"Meme Cerrahisi\"><span class=\"features-heart-beat\"><\/span><\/a><div class=\"text\"><h3><a href=\"http:\/\/genelcerrahi.net\/?features=springtime-allergies\"  title=\"Meme Cerrahisi\">Meme Cerrahisi<\/a><\/h3><p>G\u00fcn\u00fcm\u00fczde her 8 kad\u0131ndan 1&#8217;i hayat\u0131 boyunca meme kanseriyle kar\u015f\u0131 kar\u015f\u0131ya kalma riskiyle ya\u015f\u0131yor.<\/p>\n<\/div>\r\n\t\t\t<\/li><li class=\"item-content clearfix\">\r\n\t\t\t\t<a class=\"hexagon animated-element animation-scale\" href=\"http:\/\/genelcerrahi.net\/?features=wound-healing-genes\" title=\"F\u0131t\u0131k Cerrahisi\"><span class=\"features-doctor\"><\/span><\/a><div class=\"text\"><h3><a href=\"http:\/\/genelcerrahi.net\/?features=wound-healing-genes\"  title=\"F\u0131t\u0131k Cerrahisi\">F\u0131t\u0131k Cerrahisi<\/a><\/h3><p>Kas\u0131k f\u0131t\u0131\u011f\u0131, g\u00f6bek f\u0131t\u0131\u011f\u0131 ve kesi yeri f\u0131t\u0131klar\u0131n\u0131n kapal\u0131 ve a\u00e7\u0131k cerrahi tedavisi<\/p>\n<\/div>\r\n\t\t\t<\/li><\/ul>[\/vc_column_inner][vc_column_inner width=&#8221;1\/3&#8243;]<ul class=\"clearfix mc-features mc-features-large mc-features-style-default\"><li class=\"item-content clearfix\">\r\n\t\t\t\t<a class=\"hexagon animated-element animation-scale\" href=\"http:\/\/genelcerrahi.net\/?features=studies-of-genetic\" title=\"Refl\u00fc Hastal\u0131\u011f\u0131\"><span class=\"features-stethoscope\"><\/span><\/a><div class=\"text\"><h3><a href=\"http:\/\/genelcerrahi.net\/?features=studies-of-genetic\"  title=\"Refl\u00fc Hastal\u0131\u011f\u0131\">Refl\u00fc Hastal\u0131\u011f\u0131<\/a><\/h3><p>Refl\u00fc hastal\u0131\u011f\u0131 asit, safra ve mukustan olu\u015fan mide salg\u0131lar\u0131n\u0131n yemek borusu veya a\u011f\u0131za kadar yer de\u011fi\u015ftirmesidir. <\/p>\n<\/div>\r\n\t\t\t<\/li><li class=\"item-content clearfix\">\r\n\t\t\t\t<a class=\"hexagon animated-element animation-scale\" href=\"http:\/\/genelcerrahi.net\/?features=muscle-fitness\" title=\"Endokrin Cerrahi\"><span class=\"features-stethoscope\"><\/span><\/a><div class=\"text\"><h3><a href=\"http:\/\/genelcerrahi.net\/?features=muscle-fitness\"  title=\"Endokrin Cerrahi\">Endokrin Cerrahi<\/a><\/h3><p>Tiroid (guatr) bezi ve b\u00f6brek \u00fcss\u00fc bezi gibi hormonal organlar\u0131n cerrahi hastal\u0131klar\u0131<\/p>\n<\/div>\r\n\t\t\t<\/li><\/ul>[\/vc_column_inner][\/vc_row_inner][\/vc_column][\/vc_row][vc_row top_margin=&#8221;page-margin-top-section&#8221;][vc_column width=&#8221;1\/2&#8243;]<div class=\"announcement clearfix vertical-align-table style-2 mc-background\" style=\"background-image: url(http:\/\/genelcerrahi.net\/wp-content\/uploads\/2021\/07\/globsurg_hero_new.jpg);\">\n\t\t\t\t\t<ul class=\"vertical-align\">\n\t\t\t\t\t\t<li class=\"vertical-align-cell\"><h2>Telefon: 0216 217 32 32<\/h2><p>Uzman g\u00f6r\u00fc\u015f\u00fc i\u00e7in bize ula\u015fabilirsiniz.<\/p>\n<\/li><li class=\"vertical-align-cell\">\n\t\t\t\t\t\t<a title=\"Mesaj G\u00f6nder\" href=\"contact\" class=\"more mc-button dark-color large template-arrow-horizontal-1-after\">Mesaj G\u00f6nder<\/a>\n\t\t\t\t\t<\/li><\/ul>\n\t\t\t<\/div>[\/vc_column][vc_column width=&#8221;1\/2&#8243;]<div class=\"announcement clearfix vertical-align-table style-2 mc-background\" style=\"background-image: url(http:\/\/genelcerrahi.net\/wp-content\/uploads\/2021\/07\/globsurg_hero_new.jpg);\">\n\t\t\t\t\t<ul class=\"vertical-align\">\n\t\t\t\t\t\t<li class=\"vertical-align-cell\"><h2>Medar Ata\u015fehir Hastanesi<\/h2><p>Uzman muayenesi i\u00e7in bizimle irtibata ge\u00e7ebilirsiniz<\/p>\n<\/li><li class=\"vertical-align-cell\">\n\t\t\t\t\t\t<a title=\"Randevu Al\" href=\"timetable\" class=\"more mc-button light large template-arrow-horizontal-1-after\">Randevu Al<\/a>\n\t\t\t\t\t<\/li><\/ul>\n\t\t\t<\/div>[\/vc_column][\/vc_row]<\/p>\n","protected":false},"excerpt":{"rendered":"<p>[vc_row type=&#8221;full-width&#8221;][vc_column][rev_slider_vc alias=&#8221;home&#8221;][\/vc_column][\/vc_row][vc_row][vc_column][vc_widget_sidebar sidebar_id=&#8221;sidebar-home-top&#8221; el_class=&#8221;home-box-container-list for-home-slider&#8221;][\/vc_column][\/vc_row][vc_row top_margin=&#8221;page-margin-top-section&#8221;][vc_column width=&#8221;1\/3&#8243;][\/vc_column][vc_column width=&#8221;2\/3&#8243;][vc_column_text el_class=&#8221;large padding-0&#8243;]Hastal\u0131klar\u0131n tan\u0131s\u0131ndan tedavisine kadar sa\u011fl\u0131k hizmeti bir ekip i\u015fidir. \u00d6zellikle &#8221;Cerrahi tam bir ekip i\u015fidir&#8221;.\u00a0 Sahnesi ameliyathane olan bir g\u00f6steridir asl\u0131nda cerrahi. T\u00fcm oyuncular beraber ve g\u00fczel oynar ise iyi bir film ortaya \u00e7\u0131kar. \u0130zlenir, anlat\u0131l\u0131r, \u00f6v\u00fcl\u00fcr. \u00a0[\/vc_column_text][\/vc_column][\/vc_row][vc_row top_margin=&#8221;page-margin-top-section&#8221;][vc_column][\/vc_column][\/vc_row][vc_row top_margin=&#8221;page-margin-top-section&#8221;][vc_column][vc_column_text el_class=&#8221;large align-center margin-top-20&#8243;]Kendi alanlar\u0131nda deneyimli<\/p>\n","protected":false},"author":1,"featured_media":0,"parent":0,"menu_order":0,"comment_status":"closed","ping_status":"closed","template":"template-default-without-breadcrumbs.php","meta":[],"_links":{"self":[{"href":"http:\/\/genelcerrahi.net\/index.php?rest_route=\/wp\/v2\/pages\/3756"}],"collection":[{"href":"http:\/\/genelcerrahi.net\/index.php?rest_route=\/wp\/v2\/pages"}],"about":[{"href":"http:\/\/genelcerrahi.net\/index.php?rest_route=\/wp\/v2\/types\/page"}],"author":[{"embeddable":true,"href":"http:\/\/genelcerrahi.net\/index.php?rest_route=\/wp\/v2\/users\/1"}],"replies":[{"embeddable":true,"href":"http:\/\/genelcerrahi.net\/index.php?rest_route=%2Fwp%2Fv2%2Fcomments&post=3756"}],"version-history":[{"count":30,"href":"http:\/\/genelcerrahi.net\/index.php?rest_route=\/wp\/v2\/pages\/3756\/revisions"}],"predecessor-version":[{"id":4091,"href":"http:\/\/genelcerrahi.net\/index.php?rest_route=\/wp\/v2\/pages\/3756\/revisions\/4091"}],"wp:attachment":[{"href":"http:\/\/genelcerrahi.net\/index.php?rest_route=%2Fwp%2Fv2%2Fmedia&parent=3756"}],"curies":[{"name":"wp","href":"https:\/\/api.w.org\/{rel}","templated":true}]}}