{"id":3811,"date":"2018-10-25T12:36:29","date_gmt":"2018-10-25T12:36:29","guid":{"rendered":"http:\/\/quanticalabs.com\/wptest\/medicenter-new\/?page_id=3811"},"modified":"2021-07-10T12:02:20","modified_gmt":"2021-07-10T12:02:20","slug":"about","status":"publish","type":"page","link":"http:\/\/genelcerrahi.net\/?page_id=3811","title":{"rendered":"About"},"content":{"rendered":"<p>[vc_row top_margin=&#8221;page-margin-top-section&#8221;][vc_column width=&#8221;1\/2&#8243; el_class=&#8221;padding-right-30&#8243;][vc_single_image image=&#8221;3211&#8243; img_size=&#8221;medicenter-vertical-image&#8221; el_class=&#8221;page-margin-top side-image&#8221;][vc_single_image image=&#8221;4000&#8243; img_size=&#8221;medicenter-vertical-image&#8221; alignment=&#8221;right&#8221;][\/vc_column][vc_column width=&#8221;1\/2&#8243;]<h3 class=\"box-header\">GenelCerrahi.Net'e ho\u015fgeldiniz.<\/h3><h2 class=\"box-header large margin-top-30 no-border\">Genel Cerrahi Bilgi Bankas\u0131<\/h2>[vc_column_text el_class=&#8221;large margin-top-10&#8243;]<\/p>\n<p class=\"box-header large margin-top-30 no-border\">Genel Cerrahi b\u00f6l\u00fcm\u00fc ile ilgili t\u00fcm hastal\u0131klar hakk\u0131nda do\u011fru bilgi i\u00e7eri\u011fine web sitemizde ula\u015fabilirsiniz.<\/p>\n<p>[\/vc_column_text]<ul class=\"simple-list margin-top-15 clearfix\"><li class=\"template-tick-2 clearfix\">\n\t\t\t<span>Medicenter is a people centered environment &#8211; which means you are at the center of everything we do and every decision we make.<\/span><\/li><li class=\"template-tick-2 clearfix\">\n\t\t\t<span>We are your partner for health, helping your live well by bringing the best in medicine and healthcare to your door.<\/span><\/li><li class=\"template-tick-2 clearfix\">\n\t\t\t<span>We provide fast, effective and affordable immediate care for non-life threatening illnesses. Most patients are seen, treated and released in about 60 minutes.<\/span><\/li><\/ul>[\/vc_column][\/vc_row]<\/p>\n","protected":false},"excerpt":{"rendered":"<p>[vc_row top_margin=&#8221;page-margin-top-section&#8221;][vc_column width=&#8221;1\/2&#8243; el_class=&#8221;padding-right-30&#8243;][vc_single_image image=&#8221;3211&#8243; img_size=&#8221;medicenter-vertical-image&#8221; el_class=&#8221;page-margin-top side-image&#8221;][vc_single_image image=&#8221;4000&#8243; img_size=&#8221;medicenter-vertical-image&#8221; alignment=&#8221;right&#8221;][\/vc_column][vc_column width=&#8221;1\/2&#8243;][vc_column_text el_class=&#8221;large margin-top-10&#8243;] Genel Cerrahi b\u00f6l\u00fcm\u00fc ile ilgili t\u00fcm hastal\u0131klar hakk\u0131nda do\u011fru bilgi i\u00e7eri\u011fine web sitemizde ula\u015fabilirsiniz. [\/vc_column_text][\/vc_column][\/vc_row]<\/p>\n","protected":false},"author":1,"featured_media":0,"parent":0,"menu_order":0,"comment_status":"closed","ping_status":"closed","template":"","meta":[],"_links":{"self":[{"href":"http:\/\/genelcerrahi.net\/index.php?rest_route=\/wp\/v2\/pages\/3811"}],"collection":[{"href":"http:\/\/genelcerrahi.net\/index.php?rest_route=\/wp\/v2\/pages"}],"about":[{"href":"http:\/\/genelcerrahi.net\/index.php?rest_route=\/wp\/v2\/types\/page"}],"author":[{"embeddable":true,"href":"http:\/\/genelcerrahi.net\/index.php?rest_route=\/wp\/v2\/users\/1"}],"replies":[{"embeddable":true,"href":"http:\/\/genelcerrahi.net\/index.php?rest_route=%2Fwp%2Fv2%2Fcomments&post=3811"}],"version-history":[{"count":7,"href":"http:\/\/genelcerrahi.net\/index.php?rest_route=\/wp\/v2\/pages\/3811\/revisions"}],"predecessor-version":[{"id":4079,"href":"http:\/\/genelcerrahi.net\/index.php?rest_route=\/wp\/v2\/pages\/3811\/revisions\/4079"}],"wp:attachment":[{"href":"http:\/\/genelcerrahi.net\/index.php?rest_route=%2Fwp%2Fv2%2Fmedia&parent=3811"}],"curies":[{"name":"wp","href":"https:\/\/api.w.org\/{rel}","templated":true}]}}