{"id":3817,"date":"2018-10-25T12:40:12","date_gmt":"2018-10-25T12:40:12","guid":{"rendered":"http:\/\/quanticalabs.com\/wptest\/medicenter-new\/?page_id=3817"},"modified":"2021-07-05T09:01:31","modified_gmt":"2021-07-05T09:01:31","slug":"contact-style-2","status":"publish","type":"page","link":"http:\/\/genelcerrahi.net\/?page_id=3817","title":{"rendered":"\u0130leti\u015fim"},"content":{"rendered":"<p>[vc_row type=&#8221;full-width&#8221; el_position=&#8221;first&#8221;][vc_column]<div id='map' style='width:100%;height:460px;'><\/div>[\/vc_column][\/vc_row][vc_row top_margin=&#8221;page-margin-top-section&#8221;][vc_column width=&#8221;1\/3&#8243;]<h2 class=\"box-header large no-border\">GenelCerrahi.Net<\/h2>[vc_column_text el_class=&#8221;large margin-top-10&#8243;]Kay\u0131\u015fda\u011f\u0131 Mah. Raci Cad. No:1 Ata\u015fehir, \u0130stanbul[\/vc_column_text][\/vc_column][vc_column width=&#8221;1\/3&#8243;]<ul class=\"clearfix mc-features mc-features-small mc-features-style-default\"><li class=\"item-content clearfix\">\r\n\t\t\t\t<span class=\"hexagon small animated-element animation-scale\"  title=\"Adres\"><span class=\"features-location\"><\/span><\/span><div class=\"text\"><h2><span   title=\"Adres\">Adres<\/span><\/h2><p>Kay\u0131\u015fda\u011f\u0131 Mah. Raci cad. No:1<br \/>\nAta\u015fehir, \u0130sranbul<\/p>\n<\/div>\r\n\t\t\t<\/li><\/ul><ul class=\"clearfix mc-features mc-features-small mc-features-style-default page-margin-top\"><li class=\"item-content clearfix\">\r\n\t\t\t\t<span class=\"hexagon small animated-element animation-scale\"  title=\"\u00c7al\u0131\u015fma Saatleri\"><span class=\"features-clock\"><\/span><\/span><div class=\"text\"><h2><span   title=\"\u00c7al\u0131\u015fma Saatleri\">\u00c7al\u0131\u015fma Saatleri<\/span><\/h2><p>Pazartesi &#8211; Cuma: 09.00 &#8211; 18.00<br \/>\nCumartesi: 09.00 &#8211; 15.00<\/p>\n<\/div>\r\n\t\t\t<\/li><\/ul>[\/vc_column][vc_column width=&#8221;1\/3&#8243;]<ul class=\"clearfix mc-features mc-features-small mc-features-style-light\"><li class=\"item-content clearfix\">\r\n\t\t\t\t<span class=\"hexagon small animated-element animation-scale\"  title=\"\u0130leti\u015fim\"><span class=\"features-phone\"><\/span><\/span><div class=\"text\"><h2><span   title=\"\u0130leti\u015fim\">\u0130leti\u015fim<\/span><\/h2><p>Telefon: <a href='tel:0216 217 32 32'>0216 217 32 32<\/a><br \/>\nTelefon: <a href='tel:444 54 01'>444 54 01<\/a><\/p>\n<\/div>\r\n\t\t\t<\/li><\/ul><ul class=\"clearfix mc-features mc-features-small mc-features-style-light page-margin-top\"><li class=\"item-content clearfix\">\r\n\t\t\t\t<span class=\"hexagon small animated-element animation-scale\"  title=\"E-mail\"><span class=\"features-email\"><\/span><\/span><div class=\"text\"><h2><span   title=\"E-mail\">E-mail<\/span><\/h2><p><a href='mailto:info@genelcerrahi.net'>info@genelcerrahi.net<\/a><br \/>\n<a href='mailto:irfan.baspinar@meditime.com.tr'>irfan.baspinar@meditime.com.tr<\/a><\/p>\n<\/div>\r\n\t\t\t<\/li><\/ul>[\/vc_column][\/vc_row][vc_row top_margin=&#8221;page-margin-top&#8221; el_position=&#8221;last&#8221; css=&#8221;.vc_custom_1540298553080{border-top-width: 1px !important;border-top-color: #e5e5e5 !important;border-top-style: solid !important;}&#8221;][vc_column][vc_column_text el_class=&#8221;large align-center page-margin-top&#8221;]Submit your informations below and please allow 1-2 business days for<br \/>\na response. Call 911 if you&#8217;re experiencing a medical emergency![\/vc_column_text]<form class=\"contact-form \" id=\"contact_form\" method=\"post\" action=\"\"><div class=\"vc_row wpb_row vc_inner\">\n\t\t\t<fieldset class=\"vc_col-sm-6 wpb_column vc_column_container\"><label>Ad\u0131<\/label>\n\t\t\t\t<div class=\"block\">\n\t\t\t\t\t<input class=\"text_input\" name=\"first_name\" type=\"text\" value=\"\" tabindex=\"1\" data-required=\"1\">\n\t\t\t\t<\/div><label>Telefon<\/label>\n\t\t\t\t<div class=\"block\">\n\t\t\t\t\t<input class=\"text_input\" name=\"phone_number\" type=\"text\" value=\"\" tabindex=\"5\">\n\t\t\t\t<\/div><\/fieldset>\n\t\t\t<fieldset class=\"vc_col-sm-6 wpb_column vc_column_container\"><label>Soyad\u0131<\/label>\n\t\t\t\t<div class=\"block\">\n\t\t\t\t\t<input class=\"text_input\" name=\"last_name\" type=\"text\" value=\"\" tabindex=\"2\" data-required=\"1\">\n\t\t\t\t<\/div><label>E-Mail<\/label>\n\t\t\t\t<div class=\"block\">\n\t\t\t\t\t<input class=\"text_input\" name=\"email\" type=\"text\" value=\"\" tabindex=\"6\" data-required=\"1\">\n\t\t\t\t<\/div><\/fieldset>\n\t\t<\/div><div class=\"vc_row wpb_row vc_inner\">\n\t\t\t<fieldset>\n\t\t\t\t<label>Mesaj\u0131n\u0131z<\/label>\n\t\t\t\t<div class=\"block\">\n\t\t\t\t\t<textarea name=\"message\" tabindex=\"7\" data-required=\"1\"><\/textarea>\n\t\t\t\t<\/div>\n\t\t\t<\/fieldset>\n\t\t<\/div><div class=\"vc_row wpb_row vc_inner submit-container margin-top-30\"><div class=\"vc_col-sm-6 wpb_column vc_column_container\">\n\t\t\t\t<p>Size en k\u0131sa s\u00fcrede d\u00f6n\u00fc\u015f yap\u0131lacakt\u0131r<\/p>\n\t\t\t<\/div>\n\t\t\t<div class=\"vc_col-sm-6 wpb_column vc_column_container \"><input type=\"hidden\" name=\"action\" value=\"theme_contact_form\" \/>\n\t\t\t\t<input type=\"hidden\" name=\"id\" value=\"contact_form\" \/><div class=\"vc_row wpb_row vc_inner\">\n\t\t\t\t<input type=\"submit\" name=\"submit\" value=\"Mesaj G\u00f6nder\" class=\"more mc-button\" \/>\n\t\t\t<\/div><\/div><\/div>\n\t<\/form>[\/vc_column][\/vc_row]<\/p>\n","protected":false},"excerpt":{"rendered":"<p>[vc_row type=&#8221;full-width&#8221; el_position=&#8221;first&#8221;][vc_column][\/vc_column][\/vc_row][vc_row top_margin=&#8221;page-margin-top-section&#8221;][vc_column width=&#8221;1\/3&#8243;][vc_column_text el_class=&#8221;large margin-top-10&#8243;]Kay\u0131\u015fda\u011f\u0131 Mah. Raci Cad. No:1 Ata\u015fehir, \u0130stanbul[\/vc_column_text][\/vc_column][vc_column width=&#8221;1\/3&#8243;][\/vc_column][vc_column width=&#8221;1\/3&#8243;][\/vc_column][\/vc_row][vc_row top_margin=&#8221;page-margin-top&#8221; el_position=&#8221;last&#8221; css=&#8221;.vc_custom_1540298553080{border-top-width: 1px !important;border-top-color: #e5e5e5 !important;border-top-style: solid !important;}&#8221;][vc_column][vc_column_text el_class=&#8221;large align-center page-margin-top&#8221;]Submit your informations below and please allow 1-2 business days for a response. Call 911 if you&#8217;re experiencing a medical emergency![\/vc_column_text][\/vc_column][\/vc_row]<\/p>\n","protected":false},"author":1,"featured_media":0,"parent":0,"menu_order":0,"comment_status":"closed","ping_status":"closed","template":"template-default-without-breadcrumbs.php","meta":[],"_links":{"self":[{"href":"http:\/\/genelcerrahi.net\/index.php?rest_route=\/wp\/v2\/pages\/3817"}],"collection":[{"href":"http:\/\/genelcerrahi.net\/index.php?rest_route=\/wp\/v2\/pages"}],"about":[{"href":"http:\/\/genelcerrahi.net\/index.php?rest_route=\/wp\/v2\/types\/page"}],"author":[{"embeddable":true,"href":"http:\/\/genelcerrahi.net\/index.php?rest_route=\/wp\/v2\/users\/1"}],"replies":[{"embeddable":true,"href":"http:\/\/genelcerrahi.net\/index.php?rest_route=%2Fwp%2Fv2%2Fcomments&post=3817"}],"version-history":[{"count":4,"href":"http:\/\/genelcerrahi.net\/index.php?rest_route=\/wp\/v2\/pages\/3817\/revisions"}],"predecessor-version":[{"id":4042,"href":"http:\/\/genelcerrahi.net\/index.php?rest_route=\/wp\/v2\/pages\/3817\/revisions\/4042"}],"wp:attachment":[{"href":"http:\/\/genelcerrahi.net\/index.php?rest_route=%2Fwp%2Fv2%2Fmedia&parent=3817"}],"curies":[{"name":"wp","href":"https:\/\/api.w.org\/{rel}","templated":true}]}}