{"id":394,"date":"2013-03-07T10:33:44","date_gmt":"2013-03-07T10:33:44","guid":{"rendered":"http:\/\/localhost\/wordpress\/medicenter\/?page_id=394"},"modified":"2021-04-29T11:39:35","modified_gmt":"2021-04-29T11:39:35","slug":"ourdoctors","status":"publish","type":"page","link":"http:\/\/genelcerrahi.net\/?page_id=394","title":{"rendered":"Doktorlar\u0131m\u0131z"},"content":{"rendered":"<p>[vc_row top_margin=&#8221;page-margin-top&#8221; el_position=&#8221;first last&#8221;][vc_column]<ul class=\"gallery-item-details-list clearfix margin-bottom\"><li id=\"gallery-details-ann-blyumin-prof\" class=\"gallery-item-details clearfix\">\n\t\t\t\t\t<div class=\"vc_row wpb_row vc_row-fluid\">\n\t\t\t\t\t\t<div class=\"vc_col-sm-6 wpb_column vc_column_container\"><div class=\"gallery-box hover-icons-off\"><ul class=\"image-carousel\"><li><span class=\"mc-preloader\"><\/span>\n\t\t\t\t\t\t\t\t\t<img width=\"600\" height=\"400\" src=\"http:\/\/genelcerrahi.net\/wp-content\/uploads\/2021\/12\/irfan-hoca-web-600x400.jpeg\" class=\"mc-preload wp-post-image\" alt=\"Op. Dr. \u0130rfan Ba\u015fp\u0131nar\" loading=\"lazy\" title=\"\" srcset=\"http:\/\/genelcerrahi.net\/wp-content\/uploads\/2021\/12\/irfan-hoca-web-600x400.jpeg 600w, http:\/\/genelcerrahi.net\/wp-content\/uploads\/2021\/12\/irfan-hoca-web-480x320.jpeg 480w, http:\/\/genelcerrahi.net\/wp-content\/uploads\/2021\/12\/irfan-hoca-web-390x260.jpeg 390w, http:\/\/genelcerrahi.net\/wp-content\/uploads\/2021\/12\/irfan-hoca-web-285x190.jpeg 285w\" sizes=\"(max-width: 600px) 100vw, 600px\" \/>\n\t\t\t\t\t\t\t\t\t<ul class=\"controls\">\n\t\t\t\t\t\t\t\t\t\t<li>\n\t\t\t\t\t\t\t\t\t\t\t<a href=\"http:\/\/genelcerrahi.net\/wp-content\/uploads\/2021\/12\/irfan-hoca-web.jpeg\" class=\"template-plus-2 fancybox open-lightbox\" rel=\"featured-gallery[378]\"><\/a>\n\t\t\t\t\t\t\t\t\t\t<\/li>\n\t\t\t\t\t\t\t\t\t<\/ul><\/li><li><img width=\"600\" height=\"400\" src=\"http:\/\/genelcerrahi.net\/wp-content\/uploads\/2017\/01\/image_07-600x400.jpg\" class=\"attachment-medicenter-gallery-image size-medicenter-gallery-image\" alt=\"\" loading=\"lazy\" srcset=\"http:\/\/genelcerrahi.net\/wp-content\/uploads\/2017\/01\/image_07-600x400.jpg 600w, http:\/\/genelcerrahi.net\/wp-content\/uploads\/2017\/01\/image_07-480x320.jpg 480w, http:\/\/genelcerrahi.net\/wp-content\/uploads\/2017\/01\/image_07-390x260.jpg 390w, http:\/\/genelcerrahi.net\/wp-content\/uploads\/2017\/01\/image_07-285x190.jpg 285w\" sizes=\"(max-width: 600px) 100vw, 600px\" \/>\n\t\t\t\t\t\t\t\t\t\t\t<ul class=\"controls\">\n\t\t\t\t\t\t\t\t\t\t\t\t<li>\n\t\t\t\t\t\t\t\t\t\t\t\t\t<a href=\"http:\/\/quanticalabs.com\/wptest\/medicenter-new\/files\/2017\/01\/image_07.jpg\" title=\"\" class=\"template-plus-2 fancybox open-lightbox\" rel=\"featured-gallery[378]\"><\/a>\n\t\t\t\t\t\t\t\t\t\t\t\t<\/li>\n\t\t\t\t\t\t\t\t\t\t\t<\/ul>\n\t\t\t\t\t\t\t\t\t\t<\/li><li><img width=\"600\" height=\"400\" src=\"http:\/\/genelcerrahi.net\/wp-content\/uploads\/2017\/01\/image_03-600x400.jpg\" class=\"attachment-medicenter-gallery-image size-medicenter-gallery-image\" alt=\"\" loading=\"lazy\" srcset=\"http:\/\/genelcerrahi.net\/wp-content\/uploads\/2017\/01\/image_03-600x400.jpg 600w, http:\/\/genelcerrahi.net\/wp-content\/uploads\/2017\/01\/image_03-670x446.jpg 670w, http:\/\/genelcerrahi.net\/wp-content\/uploads\/2017\/01\/image_03-480x320.jpg 480w, http:\/\/genelcerrahi.net\/wp-content\/uploads\/2017\/01\/image_03-390x260.jpg 390w, http:\/\/genelcerrahi.net\/wp-content\/uploads\/2017\/01\/image_03-285x190.jpg 285w\" sizes=\"(max-width: 600px) 100vw, 600px\" \/>\n\t\t\t\t\t\t\t\t\t\t\t<ul class=\"controls\">\n\t\t\t\t\t\t\t\t\t\t\t\t<li>\n\t\t\t\t\t\t\t\t\t\t\t\t\t<a href=\"http:\/\/quanticalabs.com\/wptest\/medicenter-new\/files\/2017\/01\/image_03.jpg\" title=\"\" class=\"template-plus-2 fancybox open-lightbox\" rel=\"featured-gallery[378]\"><\/a>\n\t\t\t\t\t\t\t\t\t\t\t\t<\/li>\n\t\t\t\t\t\t\t\t\t\t\t<\/ul>\n\t\t\t\t\t\t\t\t\t\t<\/li><\/ul><div class=\"description\">\n\t\t\t\t\t\t\t\t\t\t<h3>Op. Dr. \u0130rfan Ba\u015fp\u0131nar<\/h3>\n\t\t\t\t\t\t\t\t\t\t<h5>Genel Cerrahi Uzman\u0131<\/h5>\n\t\t\t\t\t\t\t\t\t<\/div><\/div><ul class=\"social-icons clearfix\"><li><a class=\"social-facebook\" href=\"http:\/\/facebook.com\/drbaspinar\" target=\"_blank\" title=\"\">&nbsp;<\/a><\/li><li><a class=\"social-instagram\" href=\"http:\/\/@dr.irfanbaspinar\" title=\"\">&nbsp;<\/a><\/li><li><a class=\"social-linkedin\" href=\"https:\/\/linkedin.com\" target=\"_blank\" title=\"\">&nbsp;<\/a><\/li><li><a class=\"social-twitter\" href=\"http:\/\/www.twitter.com\" target=\"_blank\" title=\"\">&nbsp;<\/a><\/li><\/ul><\/div>\n\t\t\t\t\t<div class=\"vc_col-sm-6 wpb_column vc_column_container\">\n\t\t\t\t\t\t<div class=\"details-box\"><ul class=\"controls\">\n\t\t\t\t\t\t\t\t\t<li>\n\t\t\t\t\t\t\t\t\t\t<a href=\"#\" class=\"prev template-arrow-horizontal-3\"><\/a>\n\t\t\t\t\t\t\t\t\t<\/li>\n\t\t\t\t\t\t\t\t\t<li>\n\t\t\t\t\t\t\t\t\t\t<a href=\"#\" class=\"next template-arrow-horizontal-3\"><\/a>\n\t\t\t\t\t\t\t\t\t<\/li>\n\t\t\t\t\t\t\t\t\t<li class=\"separator\">&nbsp;<\/li><li>\n\t\t\t\t\t\t\t\t\t\t<a href=\"#gallery-details-close\" class=\"close template-remove-1\"><\/a>\n\t\t\t\t\t\t\t\t\t<\/li>\n\t\t\t\t\t\t\t\t<\/ul><h2 class=\"box-header animation-slide\"> Op. Dr. \u0130rfan Ba\u015fp\u0131nar<\/h2>&nbsp;\r\n<table class=\"margin-top-30\">\r\n<tbody>\r\n<tr>\r\n<td>Uzmanl\u0131k alan\u0131<\/td>\r\n<td>Genel Cerrahi<\/td>\r\n<\/tr>\r\n<tr>\r\n<td>\u00dcnvan\u0131<\/td>\r\n<td>Operat\u00f6r doktor<\/td>\r\n<\/tr>\r\n<tr>\r\n<td>Areas of Expertise<\/td>\r\n<td><ul class=\"simple-list clearfix\"><li class=\"template-check clearfix\">\n\t\t\t<span>Laparoskopik Cerrahi<\/span><\/li><li class=\"template-check clearfix\">\n\t\t\t<span>Onkolojik Cerrahi<\/span><\/li><li class=\"template-check clearfix\">\n\t\t\t<span>Obezite Cerrahisi<\/span><\/li><\/ul><\/td>\r\n<\/tr>\r\n<tr>\r\n<td>\u00dcniversite<\/td>\r\n<td>\u0130stanbul \u00dcniv. \u0130stanbul T\u0131p Fak\u00fcltesi (\u00c7apa) - 1998<\/td>\r\n<\/tr>\r\n<tr>\r\n<td>Uzmanl\u0131k<\/td>\r\n<td>\u0130stanbul \u00dcniv. \u0130stanbul T\u0131p Fak\u00fcltesi (\u00c7apa) Genel Cerrahi Anabilim Dal\u0131 - 2003<\/td>\r\n<\/tr>\r\n<\/tbody>\r\n<\/table><div class=\"item-footer clearfix\"><a title=\"Op. Dr. \u0130rfan Ba\u015fp\u0131nar\" href=\"http:\/\/genelcerrahi.net\/?doctors=ann-blyumin-prof\" class=\"mc-button more light template-arrow-horizontal-1-after\">PROFILE<\/a><a title=\"Timetable\" href=\"http:\/\/genelcerrahi.net\/?page_id=1209\" class=\"mc-button more light template-arrow-horizontal-1-after\">Timetable<\/a><\/div><\/div><\/div>\n\t\t\t\t<\/div><li id=\"gallery-details-john-d-tom\" class=\"gallery-item-details clearfix\">\n\t\t\t\t\t<div class=\"vc_row wpb_row vc_row-fluid\">\n\t\t\t\t\t\t<div class=\"vc_col-sm-6 wpb_column vc_column_container\"><div class=\"gallery-box hover-icons-off\"><span class=\"mc-preloader\"><\/span>\n\t\t\t\t\t\t\t\t\t<img width=\"600\" height=\"400\" src=\"http:\/\/genelcerrahi.net\/wp-content\/uploads\/2021\/12\/ismailborucu-600x400.png\" class=\"mc-preload wp-post-image\" alt=\"Op.Dr. \u0130smail Borucu\" loading=\"lazy\" title=\"\" srcset=\"http:\/\/genelcerrahi.net\/wp-content\/uploads\/2021\/12\/ismailborucu-600x400.png 600w, http:\/\/genelcerrahi.net\/wp-content\/uploads\/2021\/12\/ismailborucu-480x320.png 480w, http:\/\/genelcerrahi.net\/wp-content\/uploads\/2021\/12\/ismailborucu-390x260.png 390w, http:\/\/genelcerrahi.net\/wp-content\/uploads\/2021\/12\/ismailborucu-285x190.png 285w\" sizes=\"(max-width: 600px) 100vw, 600px\" \/>\n\t\t\t\t\t\t\t\t\t<ul class=\"controls\">\n\t\t\t\t\t\t\t\t\t\t<li>\n\t\t\t\t\t\t\t\t\t\t\t<a href=\"http:\/\/genelcerrahi.net\/wp-content\/uploads\/2021\/12\/ismailborucu.png\" class=\"template-plus-2 fancybox open-lightbox\" rel=\"featured-gallery\"><\/a>\n\t\t\t\t\t\t\t\t\t\t<\/li>\n\t\t\t\t\t\t\t\t\t<\/ul><div class=\"description\">\n\t\t\t\t\t\t\t\t\t\t<h3>Op.Dr. \u0130smail Borucu<\/h3>\n\t\t\t\t\t\t\t\t\t\t<h5>Genel Cerrahi Uzman\u0131<\/h5>\n\t\t\t\t\t\t\t\t\t<\/div><\/div><ul class=\"social-icons clearfix\"><li><a class=\"social-youtube\" href=\"https:\/\/www.youtube.com\/user\/quanticalabs\" target=\"_blank\" title=\"\">&nbsp;<\/a><\/li><li><a class=\"social-instagram\" href=\"#\" title=\"\">&nbsp;<\/a><\/li><li><a class=\"social-facebook\" href=\"#\" title=\"\">&nbsp;<\/a><\/li><li><a class=\"social-linkedin\" href=\"\" title=\"\">&nbsp;<\/a><\/li><\/ul><\/div>\n\t\t\t\t\t<div class=\"vc_col-sm-6 wpb_column vc_column_container\">\n\t\t\t\t\t\t<div class=\"details-box\"><ul class=\"controls\">\n\t\t\t\t\t\t\t\t\t<li>\n\t\t\t\t\t\t\t\t\t\t<a href=\"#\" class=\"prev template-arrow-horizontal-3\"><\/a>\n\t\t\t\t\t\t\t\t\t<\/li>\n\t\t\t\t\t\t\t\t\t<li>\n\t\t\t\t\t\t\t\t\t\t<a href=\"#\" class=\"next template-arrow-horizontal-3\"><\/a>\n\t\t\t\t\t\t\t\t\t<\/li>\n\t\t\t\t\t\t\t\t\t<li class=\"separator\">&nbsp;<\/li><li>\n\t\t\t\t\t\t\t\t\t\t<a href=\"#gallery-details-close\" class=\"close template-remove-1\"><\/a>\n\t\t\t\t\t\t\t\t\t<\/li>\n\t\t\t\t\t\t\t\t<\/ul><h2 class=\"box-header animation-slide\"> Op.Dr. \u0130smail Borucu<\/h2><table class=\"margin-top-30\">\r\n<tbody>\r\n<tr>\r\n<td>Uzmanl\u0131k alan\u0131<\/td>\r\n<td>Genel Cerrahi<\/td>\r\n<\/tr>\r\n<tr>\r\n<td>\u00dcnvan\u0131<\/td>\r\n<td>Operat\u00f6r doktor<\/td>\r\n<\/tr>\r\n<tr>\r\n<td>\u0130lgi alanlar\u0131<\/td>\r\n<td><ul class=\"simple-list clearfix\"><li class=\"template-check clearfix\">\n\t\t\t<span>Endoskopi<\/span><\/li><li class=\"template-check clearfix\">\n\t\t\t<span>Sindirim sistemi cerrahisi<\/span><\/li><li class=\"template-check clearfix\">\n\t\t\t<span>F\u0131t\u0131k cerrahisi<\/span><\/li><\/ul><\/td>\r\n<\/tr>\r\n<tr>\r\n<td>Do\u011fum tarihi<\/td>\r\n<td><\/td>\r\n<\/tr>\r\n<tr>\r\n<td>Do\u011fum yeri<\/td>\r\n<td><\/td>\r\n<\/tr>\r\n<\/tbody>\r\n<\/table><div class=\"item-footer clearfix\"><a title=\"Op.Dr. \u0130smail Borucu\" href=\"http:\/\/genelcerrahi.net\/?doctors=john-d-tom\" class=\"mc-button more light template-arrow-horizontal-1-after\">PROFILE<\/a><a title=\"Timetable\" href=\"http:\/\/genelcerrahi.net\/?page_id=1209\" class=\"mc-button more light template-arrow-horizontal-1-after\">Timetable<\/a><\/div><\/div><\/div>\n\t\t\t\t<\/div><li id=\"gallery-details-tim-duncan\" class=\"gallery-item-details clearfix\">\n\t\t\t\t\t<div class=\"vc_row wpb_row vc_row-fluid\">\n\t\t\t\t\t\t<div class=\"vc_col-sm-6 wpb_column vc_column_container\"><div class=\"gallery-box hover-icons-off\"><span class=\"mc-preloader\"><\/span>\n\t\t\t\t\t\t\t\t\t<img width=\"225\" height=\"225\" src=\"http:\/\/genelcerrahi.net\/wp-content\/uploads\/2013\/05\/umut-barbaros.jpg\" class=\"mc-preload wp-post-image\" alt=\"Prof. Dr. Umut Barbaros\" loading=\"lazy\" title=\"\" srcset=\"http:\/\/genelcerrahi.net\/wp-content\/uploads\/2013\/05\/umut-barbaros.jpg 225w, http:\/\/genelcerrahi.net\/wp-content\/uploads\/2013\/05\/umut-barbaros-150x150.jpg 150w, http:\/\/genelcerrahi.net\/wp-content\/uploads\/2013\/05\/umut-barbaros-100x100.jpg 100w\" sizes=\"(max-width: 225px) 100vw, 225px\" \/>\n\t\t\t\t\t\t\t\t\t<ul class=\"controls\">\n\t\t\t\t\t\t\t\t\t\t<li>\n\t\t\t\t\t\t\t\t\t\t\t<a href=\"http:\/\/genelcerrahi.net\/wp-content\/uploads\/2013\/05\/umut-barbaros.jpg\" class=\"template-plus-2 fancybox open-lightbox\" rel=\"featured-gallery\"><\/a>\n\t\t\t\t\t\t\t\t\t\t<\/li>\n\t\t\t\t\t\t\t\t\t<\/ul><div class=\"description\">\n\t\t\t\t\t\t\t\t\t\t<h3>Prof. Dr. Umut Barbaros<\/h3>\n\t\t\t\t\t\t\t\t\t\t<h5>Genel Cerrahi Uzman\u0131<\/h5>\n\t\t\t\t\t\t\t\t\t<\/div><\/div><ul class=\"social-icons clearfix\"><li><a class=\"social-facebook\" href=\"http:\/\/facebook.com\/drmuharremkuzkaya\/\" target=\"_blank\" title=\"\">&nbsp;<\/a><\/li><li><a class=\"social-linkedin\" href=\"#\" title=\"\">&nbsp;<\/a><\/li><li><a class=\"social-instagram\" href=\"#\" title=\"\">&nbsp;<\/a><\/li><li><a class=\"social-twitter\" href=\"\" title=\"\">&nbsp;<\/a><\/li><\/ul><\/div>\n\t\t\t\t\t<div class=\"vc_col-sm-6 wpb_column vc_column_container\">\n\t\t\t\t\t\t<div class=\"details-box\"><ul class=\"controls\">\n\t\t\t\t\t\t\t\t\t<li>\n\t\t\t\t\t\t\t\t\t\t<a href=\"#\" class=\"prev template-arrow-horizontal-3\"><\/a>\n\t\t\t\t\t\t\t\t\t<\/li>\n\t\t\t\t\t\t\t\t\t<li>\n\t\t\t\t\t\t\t\t\t\t<a href=\"#\" class=\"next template-arrow-horizontal-3\"><\/a>\n\t\t\t\t\t\t\t\t\t<\/li>\n\t\t\t\t\t\t\t\t\t<li class=\"separator\">&nbsp;<\/li><li>\n\t\t\t\t\t\t\t\t\t\t<a href=\"#gallery-details-close\" class=\"close template-remove-1\"><\/a>\n\t\t\t\t\t\t\t\t\t<\/li>\n\t\t\t\t\t\t\t\t<\/ul><h2 class=\"box-header animation-slide\"> Prof. Dr. Umut Barbaros<\/h2><table class=\"margin-top-30\">\r\n<tbody>\r\n<tr>\r\n<td>Uzmanl\u0131k<\/td>\r\n<td>Genel Cerrahi<\/td>\r\n<\/tr>\r\n<tr>\r\n<td>\u00dcnvan\u0131<\/td>\r\n<td>Prof. Dr.<\/td>\r\n<\/tr>\r\n<tr>\r\n<td>\u0130lgi alanlar\u0131<\/td>\r\n<td><ul class=\"simple-list clearfix\"><li class=\"template-check clearfix\">\n\t\t\t<span>Laparoskopik cerrahi<\/span><\/li><li class=\"template-check clearfix\">\n\t\t\t<span>Onkolojik Cerrahi<\/span><\/li><li class=\"template-check clearfix\">\n\t\t\t<span>Obezite Cerrahisi<\/span><\/li><\/ul><\/td>\r\n<\/tr>\r\n<tr>\r\n<td>Do\u011fum tarihi<\/td>\r\n<td><\/td>\r\n<\/tr>\r\n<tr>\r\n<td>Do\u011fum yeri<\/td>\r\n<td>Almanya<\/td>\r\n<\/tr>\r\n<\/tbody>\r\n<\/table><div class=\"item-footer clearfix\"><a title=\"Prof. Dr. Umut Barbaros\" href=\"http:\/\/genelcerrahi.net\/?doctors=tim-duncan\" class=\"mc-button more light template-arrow-horizontal-1-after\">PROFILE<\/a><a title=\"Timetable\" href=\"http:\/\/genelcerrahi.net\/?page_id=1209\" class=\"mc-button more light template-arrow-horizontal-1-after\">Timetable<\/a><\/div><\/div><\/div>\n\t\t\t\t<\/div><li id=\"gallery-details-robert-van-hex\" class=\"gallery-item-details clearfix\">\n\t\t\t\t\t<div class=\"vc_row wpb_row vc_row-fluid\">\n\t\t\t\t\t\t<div class=\"vc_col-sm-6 wpb_column vc_column_container\"><div class=\"gallery-box hover-icons-off\"><span class=\"mc-preloader\"><\/span>\n\t\t\t\t\t\t\t\t\t<img width=\"600\" height=\"400\" src=\"http:\/\/genelcerrahi.net\/wp-content\/uploads\/2013\/05\/koray-karabulut2-600x400.jpg\" class=\"mc-preload wp-post-image\" alt=\"Prof.Dr. Koray Karabulut\" loading=\"lazy\" title=\"\" srcset=\"http:\/\/genelcerrahi.net\/wp-content\/uploads\/2013\/05\/koray-karabulut2-600x400.jpg 600w, http:\/\/genelcerrahi.net\/wp-content\/uploads\/2013\/05\/koray-karabulut2-300x199.jpg 300w, http:\/\/genelcerrahi.net\/wp-content\/uploads\/2013\/05\/koray-karabulut2-670x446.jpg 670w, http:\/\/genelcerrahi.net\/wp-content\/uploads\/2013\/05\/koray-karabulut2-480x320.jpg 480w, http:\/\/genelcerrahi.net\/wp-content\/uploads\/2013\/05\/koray-karabulut2-390x260.jpg 390w, http:\/\/genelcerrahi.net\/wp-content\/uploads\/2013\/05\/koray-karabulut2-285x190.jpg 285w, http:\/\/genelcerrahi.net\/wp-content\/uploads\/2013\/05\/koray-karabulut2.jpg 1001w\" sizes=\"(max-width: 600px) 100vw, 600px\" \/>\n\t\t\t\t\t\t\t\t\t<ul class=\"controls\">\n\t\t\t\t\t\t\t\t\t\t<li>\n\t\t\t\t\t\t\t\t\t\t\t<a href=\"http:\/\/genelcerrahi.net\/wp-content\/uploads\/2013\/05\/koray-karabulut2.jpg\" class=\"template-plus-2 fancybox open-lightbox\" rel=\"featured-gallery\"><\/a>\n\t\t\t\t\t\t\t\t\t\t<\/li>\n\t\t\t\t\t\t\t\t\t<\/ul><div class=\"description\">\n\t\t\t\t\t\t\t\t\t\t<h3>Prof.Dr. Koray Karabulut<\/h3>\n\t\t\t\t\t\t\t\t\t\t<h5>Genel Cerrahi Uzman\u0131<\/h5>\n\t\t\t\t\t\t\t\t\t<\/div><\/div><ul class=\"social-icons clearfix\"><li><a class=\"social-facebook\" href=\"http:\/\/facebook.com\/QuanticaLabs\" target=\"_blank\" title=\"\">&nbsp;<\/a><\/li><li><a class=\"social-linkedin\" href=\"#\" title=\"\">&nbsp;<\/a><\/li><li><a class=\"social-instagram\" href=\"#\" title=\"\">&nbsp;<\/a><\/li><li><a class=\"social-twitter\" href=\"\" title=\"\">&nbsp;<\/a><\/li><\/ul><\/div>\n\t\t\t\t\t<div class=\"vc_col-sm-6 wpb_column vc_column_container\">\n\t\t\t\t\t\t<div class=\"details-box\"><ul class=\"controls\">\n\t\t\t\t\t\t\t\t\t<li>\n\t\t\t\t\t\t\t\t\t\t<a href=\"#\" class=\"prev template-arrow-horizontal-3\"><\/a>\n\t\t\t\t\t\t\t\t\t<\/li>\n\t\t\t\t\t\t\t\t\t<li>\n\t\t\t\t\t\t\t\t\t\t<a href=\"#\" class=\"next template-arrow-horizontal-3\"><\/a>\n\t\t\t\t\t\t\t\t\t<\/li>\n\t\t\t\t\t\t\t\t\t<li class=\"separator\">&nbsp;<\/li><li>\n\t\t\t\t\t\t\t\t\t\t<a href=\"#gallery-details-close\" class=\"close template-remove-1\"><\/a>\n\t\t\t\t\t\t\t\t\t<\/li>\n\t\t\t\t\t\t\t\t<\/ul><h2 class=\"box-header animation-slide\"> Prof.Dr. Koray Karabulut<\/h2><table class=\"margin-top-30\">\r\n<tbody>\r\n<tr>\r\n<td>Uzmanl\u0131k alan\u0131<\/td>\r\n<td>Genel Cerrahi<\/td>\r\n<\/tr>\r\n<tr>\r\n<td>\u00dcnvan\u0131<\/td>\r\n<td>Profes\u00f6r foktor<\/td>\r\n<\/tr>\r\n<tr>\r\n<td>\u0130lgi alanlar\u0131<\/td>\r\n<td><ul class=\"simple-list clearfix\"><li class=\"template-check clearfix\">\n\t\t\t<span>Okolojik cerrahi<\/span><\/li><li class=\"template-check clearfix\">\n\t\t\t<span>Obezite cerrahisi<\/span><\/li><li class=\"template-check clearfix\">\n\t\t\t<span>Laparoskopik cerrahi<\/span><\/li><\/ul><\/td>\r\n<\/tr>\r\n<tr>\r\n<td>Do\u011fum tarihi<\/td>\r\n<td><\/td>\r\n<\/tr>\r\n<tr>\r\n<td>Do\u011fum yeri<\/td>\r\n<td>Elaz\u0131\u011f<\/td>\r\n<\/tr>\r\n<\/tbody>\r\n<\/table><div class=\"item-footer clearfix\"><a title=\"Prof.Dr. Koray Karabulut\" href=\"http:\/\/genelcerrahi.net\/?doctors=robert-van-hex\" class=\"mc-button more light template-arrow-horizontal-1-after\">PROFILE<\/a><a title=\"Timetable\" href=\"http:\/\/genelcerrahi.net\/?page_id=1209\" class=\"mc-button more light template-arrow-horizontal-1-after\">Timetable<\/a><\/div><\/div><\/div>\n\t\t\t\t<\/div><\/ul><ul class=\"tabs-navigation isotope-filters clearfix\"><li>\n\t\t\t\t\t\t\t<a class=\"selected\" href=\"#filter-*\" title=\"T\u00fcm Doktorlar\">T\u00fcm Doktorlar<\/a>\n\t\t\t\t\t\t<\/li><\/ul><ul class=\"mc-gallery gallery-4-columns dm_filters\"><li class=\"genel-cerrahi-1\" id=\"gallery-item-ann-blyumin-prof\">\n\t\t\t\t\t<div class=\"gallery-box gallery-box-1 hover-icons-off\"><span class=\"mc-preloader\"><\/span><img width=\"285\" height=\"190\" src=\"http:\/\/genelcerrahi.net\/wp-content\/uploads\/2021\/12\/irfan-hoca-web-285x190.jpeg\" class=\"mc-preload wp-post-image\" alt=\"Op. Dr. \u0130rfan Ba\u015fp\u0131nar\" loading=\"lazy\" title=\"\" srcset=\"http:\/\/genelcerrahi.net\/wp-content\/uploads\/2021\/12\/irfan-hoca-web-285x190.jpeg 285w, http:\/\/genelcerrahi.net\/wp-content\/uploads\/2021\/12\/irfan-hoca-web-600x400.jpeg 600w, http:\/\/genelcerrahi.net\/wp-content\/uploads\/2021\/12\/irfan-hoca-web-480x320.jpeg 480w, http:\/\/genelcerrahi.net\/wp-content\/uploads\/2021\/12\/irfan-hoca-web-390x260.jpeg 390w\" sizes=\"(max-width: 285px) 100vw, 285px\" \/>\n\t\t\t\t\t\t<div class=\"description\">\n\t\t\t\t\t\t\t<h4>Op. Dr. \u0130rfan Ba\u015fp\u0131nar<\/h4>\n\t\t\t\t\t\t\t<h5>Genel Cerrahi Uzman\u0131<\/h5>\n\t\t\t\t\t\t<\/div><div class=\"item-details\"><p>Acil cerrahi, Endoskopi, Sindirim sistemi hastal\u0131klar\u0131, Meme hastal\u0131klar\u0131, Anorektal cerrahi, F\u0131t\u0131k cerrahisi, Onkolojik cerrahi,<\/p>\n<\/div><ul class=\"social-icons clearfix\"><li><a class=\"social-facebook\" href=\"http:\/\/facebook.com\/drbaspinar\" target=\"_blank\" title=\"\">&nbsp;<\/a><\/li><li><a class=\"social-instagram\" href=\"http:\/\/@dr.irfanbaspinar\" title=\"\">&nbsp;<\/a><\/li><li><a class=\"social-linkedin\" href=\"https:\/\/linkedin.com\" target=\"_blank\" title=\"\">&nbsp;<\/a><\/li><li><a class=\"social-twitter\" href=\"http:\/\/www.twitter.com\" target=\"_blank\" title=\"\">&nbsp;<\/a><\/li><\/ul>\n\t\t\t\t\t\t<ul class=\"controls\">\n\t\t\t\t\t\t\t<li>\n\t\t\t\t\t\t\t\t<a href=\"#gallery-details-ann-blyumin-prof\" class=\"template-menu-2 open-details\"><\/a>\n\t\t\t\t\t\t\t<\/li><li><a href=\"http:\/\/genelcerrahi.net\/wp-content\/uploads\/2021\/12\/irfan-hoca-web.jpeg\" class=\"template-plus-2 fancybox open-lightbox\" rel=\"mcgallery[loop]\"><\/a>\n\t\t\t\t\t<\/li><\/ul><\/div><\/li><li class=\"fitik-cerrahisi meme-hastaliklari\" id=\"gallery-item-john-d-tom\">\n\t\t\t\t\t<div class=\"gallery-box gallery-box-2 hover-icons-off\"><span class=\"mc-preloader\"><\/span><img width=\"285\" height=\"190\" src=\"http:\/\/genelcerrahi.net\/wp-content\/uploads\/2021\/12\/ismailborucu-285x190.png\" class=\"mc-preload wp-post-image\" alt=\"Op.Dr. \u0130smail Borucu\" loading=\"lazy\" title=\"\" srcset=\"http:\/\/genelcerrahi.net\/wp-content\/uploads\/2021\/12\/ismailborucu-285x190.png 285w, http:\/\/genelcerrahi.net\/wp-content\/uploads\/2021\/12\/ismailborucu-600x400.png 600w, http:\/\/genelcerrahi.net\/wp-content\/uploads\/2021\/12\/ismailborucu-480x320.png 480w, http:\/\/genelcerrahi.net\/wp-content\/uploads\/2021\/12\/ismailborucu-390x260.png 390w\" sizes=\"(max-width: 285px) 100vw, 285px\" \/>\n\t\t\t\t\t\t<div class=\"description\">\n\t\t\t\t\t\t\t<h4>Op.Dr. \u0130smail Borucu<\/h4>\n\t\t\t\t\t\t\t<h5>Genel Cerrahi Uzman\u0131<\/h5>\n\t\t\t\t\t\t<\/div><div class=\"item-details\"><p>Acil cerrahi, Endoskopi, Sindirim sistemi hastal\u0131klar\u0131, Meme hastal\u0131klar\u0131, Anorektal cerrahi, F\u0131t\u0131k cerrahisi, Onkolojik cerrahi,<\/p>\n<\/div><ul class=\"social-icons clearfix\"><li><a class=\"social-youtube\" href=\"https:\/\/www.youtube.com\/user\/quanticalabs\" target=\"_blank\" title=\"\">&nbsp;<\/a><\/li><li><a class=\"social-instagram\" href=\"#\" title=\"\">&nbsp;<\/a><\/li><li><a class=\"social-facebook\" href=\"#\" title=\"\">&nbsp;<\/a><\/li><li><a class=\"social-linkedin\" href=\"\" title=\"\">&nbsp;<\/a><\/li><\/ul>\n\t\t\t\t\t\t<ul class=\"controls\">\n\t\t\t\t\t\t\t<li>\n\t\t\t\t\t\t\t\t<a href=\"#gallery-details-john-d-tom\" class=\"template-menu-2 open-details\"><\/a>\n\t\t\t\t\t\t\t<\/li><li><a href=\"http:\/\/genelcerrahi.net\/wp-content\/uploads\/2021\/12\/ismailborucu.png\" class=\"template-plus-2 fancybox open-lightbox\" rel=\"mcgallery[loop]\"><\/a>\n\t\t\t\t\t<\/li><\/ul><\/div><\/li><li class=\"onkolojik-cerrahi\" id=\"gallery-item-tim-duncan\">\n\t\t\t\t\t<div class=\"gallery-box gallery-box-3 hover-icons-off\"><span class=\"mc-preloader\"><\/span><img width=\"225\" height=\"190\" src=\"http:\/\/genelcerrahi.net\/wp-content\/uploads\/2013\/05\/umut-barbaros-225x190.jpg\" class=\"mc-preload wp-post-image\" alt=\"Prof. Dr. Umut Barbaros\" loading=\"lazy\" title=\"\" \/>\n\t\t\t\t\t\t<div class=\"description\">\n\t\t\t\t\t\t\t<h4>Prof. Dr. Umut Barbaros<\/h4>\n\t\t\t\t\t\t\t<h5>Genel Cerrahi Uzman\u0131<\/h5>\n\t\t\t\t\t\t<\/div><div class=\"item-details\"><p>Acil cerrahi, Endoskopi, Sindirim sistemi hastal\u0131klar\u0131, Meme hastal\u0131klar\u0131, Anorektal cerrahi, F\u0131t\u0131k cerrahisi, Onkolojik cerrahi,<\/p>\n<\/div><ul class=\"social-icons clearfix\"><li><a class=\"social-facebook\" href=\"http:\/\/facebook.com\/drmuharremkuzkaya\/\" target=\"_blank\" title=\"\">&nbsp;<\/a><\/li><li><a class=\"social-linkedin\" href=\"#\" title=\"\">&nbsp;<\/a><\/li><li><a class=\"social-instagram\" href=\"#\" title=\"\">&nbsp;<\/a><\/li><li><a class=\"social-twitter\" href=\"\" title=\"\">&nbsp;<\/a><\/li><\/ul>\n\t\t\t\t\t\t<ul class=\"controls\">\n\t\t\t\t\t\t\t<li>\n\t\t\t\t\t\t\t\t<a href=\"#gallery-details-tim-duncan\" class=\"template-menu-2 open-details\"><\/a>\n\t\t\t\t\t\t\t<\/li><li><a href=\"http:\/\/genelcerrahi.net\/wp-content\/uploads\/2013\/05\/umut-barbaros.jpg\" class=\"template-plus-2 fancybox open-lightbox\" rel=\"mcgallery[loop]\"><\/a>\n\t\t\t\t\t<\/li><\/ul><\/div><\/li><li class=\"endoskopi meme-hastaliklari tiroid-hastaliklari\" id=\"gallery-item-robert-van-hex\">\n\t\t\t\t\t<div class=\"gallery-box gallery-box-4 hover-icons-off\"><span class=\"mc-preloader\"><\/span><img width=\"285\" height=\"190\" src=\"http:\/\/genelcerrahi.net\/wp-content\/uploads\/2013\/05\/koray-karabulut2-285x190.jpg\" class=\"mc-preload wp-post-image\" alt=\"Prof.Dr. Koray Karabulut\" loading=\"lazy\" title=\"\" srcset=\"http:\/\/genelcerrahi.net\/wp-content\/uploads\/2013\/05\/koray-karabulut2-285x190.jpg 285w, http:\/\/genelcerrahi.net\/wp-content\/uploads\/2013\/05\/koray-karabulut2-300x199.jpg 300w, http:\/\/genelcerrahi.net\/wp-content\/uploads\/2013\/05\/koray-karabulut2-768x510.jpg 768w, http:\/\/genelcerrahi.net\/wp-content\/uploads\/2013\/05\/koray-karabulut2-670x446.jpg 670w, http:\/\/genelcerrahi.net\/wp-content\/uploads\/2013\/05\/koray-karabulut2-600x400.jpg 600w, http:\/\/genelcerrahi.net\/wp-content\/uploads\/2013\/05\/koray-karabulut2-480x320.jpg 480w, http:\/\/genelcerrahi.net\/wp-content\/uploads\/2013\/05\/koray-karabulut2-390x260.jpg 390w, http:\/\/genelcerrahi.net\/wp-content\/uploads\/2013\/05\/koray-karabulut2.jpg 1001w\" sizes=\"(max-width: 285px) 100vw, 285px\" \/>\n\t\t\t\t\t\t<div class=\"description\">\n\t\t\t\t\t\t\t<h4>Prof.Dr. Koray Karabulut<\/h4>\n\t\t\t\t\t\t\t<h5>Genel Cerrahi Uzman\u0131<\/h5>\n\t\t\t\t\t\t<\/div><div class=\"item-details\"><p>Obezite cerrahisi, Onkolojik cerrahi, Robotik cerrahi, Karaci\u011fer nakli, Laparoskopik cerrahi, Pankreas cerrahisi<\/p>\n<\/div><ul class=\"social-icons clearfix\"><li><a class=\"social-facebook\" href=\"http:\/\/facebook.com\/QuanticaLabs\" target=\"_blank\" title=\"\">&nbsp;<\/a><\/li><li><a class=\"social-linkedin\" href=\"#\" title=\"\">&nbsp;<\/a><\/li><li><a class=\"social-instagram\" href=\"#\" title=\"\">&nbsp;<\/a><\/li><li><a class=\"social-twitter\" href=\"\" title=\"\">&nbsp;<\/a><\/li><\/ul>\n\t\t\t\t\t\t<ul class=\"controls\">\n\t\t\t\t\t\t\t<li>\n\t\t\t\t\t\t\t\t<a href=\"#gallery-details-robert-van-hex\" class=\"template-menu-2 open-details\"><\/a>\n\t\t\t\t\t\t\t<\/li><li><a href=\"http:\/\/genelcerrahi.net\/wp-content\/uploads\/2013\/05\/koray-karabulut2.jpg\" class=\"template-plus-2 fancybox open-lightbox\" rel=\"mcgallery[loop]\"><\/a>\n\t\t\t\t\t<\/li><\/ul><\/div><\/li><\/ul>[\/vc_column][\/vc_row]<\/p>\n","protected":false},"excerpt":{"rendered":"<p>[vc_row top_margin=&#8221;page-margin-top&#8221; el_position=&#8221;first last&#8221;][vc_column][\/vc_column][\/vc_row]<\/p>\n","protected":false},"author":1,"featured_media":0,"parent":0,"menu_order":0,"comment_status":"open","ping_status":"open","template":"","meta":[],"_links":{"self":[{"href":"http:\/\/genelcerrahi.net\/index.php?rest_route=\/wp\/v2\/pages\/394"}],"collection":[{"href":"http:\/\/genelcerrahi.net\/index.php?rest_route=\/wp\/v2\/pages"}],"about":[{"href":"http:\/\/genelcerrahi.net\/index.php?rest_route=\/wp\/v2\/types\/page"}],"author":[{"embeddable":true,"href":"http:\/\/genelcerrahi.net\/index.php?rest_route=\/wp\/v2\/users\/1"}],"replies":[{"embeddable":true,"href":"http:\/\/genelcerrahi.net\/index.php?rest_route=%2Fwp%2Fv2%2Fcomments&post=394"}],"version-history":[{"count":2,"href":"http:\/\/genelcerrahi.net\/index.php?rest_route=\/wp\/v2\/pages\/394\/revisions"}],"predecessor-version":[{"id":3997,"href":"http:\/\/genelcerrahi.net\/index.php?rest_route=\/wp\/v2\/pages\/394\/revisions\/3997"}],"wp:attachment":[{"href":"http:\/\/genelcerrahi.net\/index.php?rest_route=%2Fwp%2Fv2%2Fmedia&parent=394"}],"curies":[{"name":"wp","href":"https:\/\/api.w.org\/{rel}","templated":true}]}}