{"id":932,"date":"2013-04-08T10:11:25","date_gmt":"2013-04-08T10:11:25","guid":{"rendered":"http:\/\/localhost\/wordpress\/medicenter\/?page_id=932"},"modified":"2013-04-08T10:11:25","modified_gmt":"2013-04-08T10:11:25","slug":"medical-care","status":"publish","type":"page","link":"http:\/\/genelcerrahi.net\/?page_id=932","title":{"rendered":"Medical Care"},"content":{"rendered":"<p>[vc_row top_margin=&#8221;page-margin-top&#8221;][vc_column width=&#8221;1\/2&#8243;]<ul class=\"clearfix mc-features mc-features-large mc-features-style-default\"><li class=\"item-content clearfix\">\r\n\t\t\t\t<a class=\"hexagon animated-element animation-scale\" href=\"http:\/\/genelcerrahi.net\/?features=anticoagulation-therapy\" title=\"Anticoagulation therapy\"><span class=\"features-briefcase\"><\/span><\/a><div class=\"text\"><h2><a href=\"http:\/\/genelcerrahi.net\/?features=anticoagulation-therapy\"  title=\"Anticoagulation therapy\">Anticoagulation therapy<\/a><\/h2><p>Donec ipsum diam, pretium mollis dapibus risus. Nullam dolor nibh pulvinar at interdum eget.<\/p>\n<div class=\"item-footer clearfix\"><a title=\"Read more\" href=\"http:\/\/genelcerrahi.net\/?features=anticoagulation-therapy\" class=\"more template-arrow-horizontal-1-after\">Read more<\/a><\/div><\/div>\r\n\t\t\t<\/li><li class=\"item-content clearfix\">\r\n\t\t\t\t<a class=\"hexagon animated-element animation-scale\" href=\"http:\/\/genelcerrahi.net\/?features=muscle-fitness\" title=\"Endokrin Cerrahi\"><span class=\"features-stethoscope\"><\/span><\/a><div class=\"text\"><h2><a href=\"http:\/\/genelcerrahi.net\/?features=muscle-fitness\"  title=\"Endokrin Cerrahi\">Endokrin Cerrahi<\/a><\/h2><p>Tiroid (guatr) bezi ve b\u00f6brek \u00fcss\u00fc bezi gibi hormonal organlar\u0131n cerrahi hastal\u0131klar\u0131<\/p>\n<div class=\"item-footer clearfix\"><a title=\"Read more\" href=\"http:\/\/genelcerrahi.net\/?features=muscle-fitness\" class=\"more template-arrow-horizontal-1-after\">Read more<\/a><\/div><\/div>\r\n\t\t\t<\/li><\/ul>[\/vc_column][vc_column width=&#8221;1\/2&#8243;]<ul class=\"clearfix mc-features mc-features-large mc-features-style-default\"><li class=\"item-content clearfix\">\r\n\t\t\t\t<a class=\"hexagon animated-element animation-scale\" href=\"http:\/\/genelcerrahi.net\/?features=wound-healing-genes\" title=\"F\u0131t\u0131k Cerrahisi\"><span class=\"features-doctor\"><\/span><\/a><div class=\"text\"><h2><a href=\"http:\/\/genelcerrahi.net\/?features=wound-healing-genes\"  title=\"F\u0131t\u0131k Cerrahisi\">F\u0131t\u0131k Cerrahisi<\/a><\/h2><p>Kas\u0131k f\u0131t\u0131\u011f\u0131, g\u00f6bek f\u0131t\u0131\u011f\u0131 ve kesi yeri f\u0131t\u0131klar\u0131n\u0131n kapal\u0131 ve a\u00e7\u0131k cerrahi tedavisi<\/p>\n<div class=\"item-footer clearfix\"><a title=\"Read more\" href=\"http:\/\/genelcerrahi.net\/?features=wound-healing-genes\" class=\"more template-arrow-horizontal-1-after\">Read more<\/a><\/div><\/div>\r\n\t\t\t<\/li><li class=\"item-content clearfix\">\r\n\t\t\t\t<a class=\"hexagon animated-element animation-scale\" href=\"http:\/\/genelcerrahi.net\/?features=grapes-activate-genes\" title=\"Grapes activate genes\"><span class=\"features-leaf\"><\/span><\/a><div class=\"text\"><h2><a href=\"http:\/\/genelcerrahi.net\/?features=grapes-activate-genes\"  title=\"Grapes activate genes\">Grapes activate genes<\/a><\/h2><p>Donec ipsum diam, pretium mollis dapibus risus. Nullam dolor nibh pulvinar at interdum eget.<\/p>\n<div class=\"item-footer clearfix\"><a title=\"Read more\" href=\"http:\/\/genelcerrahi.net\/?features=grapes-activate-genes\" class=\"more template-arrow-horizontal-1-after\">Read more<\/a><\/div><\/div>\r\n\t\t\t<\/li><\/ul>[\/vc_column][\/vc_row][vc_row top_margin=&#8221;page-margin-top&#8221; el_position=&#8221;last&#8221;][vc_column]<div class=\"announcement clearfix vertical-align-table\">\n\t\t\t\t\t<ul class=\"vertical-align\">\n\t\t\t\t\t\t<li class=\"vertical-align-cell\"><h2>Get Free Initial Consultation, Call +25 (510) 210-5225<\/h2><p>Fees are an estimate only and may be more depending on your situation<\/p>\n<\/li><li class=\"vertical-align-cell\">\n\t\t\t\t\t\t<a title=\"GET FREE CONSULTATION\" href=\"contact\" class=\"more mc-button dark-color medium animated-element animation-slideLeft\">GET FREE CONSULTATION<\/a>\n\t\t\t\t\t<\/li><\/ul>\n\t\t\t<\/div>[\/vc_column][\/vc_row][vc_row top_margin=&#8221;page-margin-top&#8221;][vc_column]<div class=\"clearfix scrolling-controls\">\n\t\t\t<div class=\"header-left\"><h3 class=\"box-header animation-slide\">Medical Care<\/h3><\/div>\n\t\t\t<div class=\"header-right\"><a href=\"#\" id=\"carousel_prev\" class=\"scrolling-list-control-left template-arrow-horizontal-3\"><\/a><a href=\"#\" id=\"carousel_next\" class=\"scrolling-list-control-right template-arrow-horizontal-3\"><\/a><\/div><\/div>\n\t\t\t<ul class=\"mc-gallery horizontal-carousel carousel id-carousel autoplay-0 pause_on_hover-1 scroll-1 effect-scroll easing-swing duration-500\"><li class=\"gallery-box hover-icons-off\"><img width=\"285\" height=\"190\" src=\"http:\/\/genelcerrahi.net\/wp-content\/uploads\/2017\/01\/image_05-285x190.jpg\" class=\"attachment-medicenter-gallery-thumb-type-2 size-medicenter-gallery-thumb-type-2\" alt=\"\" loading=\"lazy\" srcset=\"http:\/\/genelcerrahi.net\/wp-content\/uploads\/2017\/01\/image_05-285x190.jpg 285w, http:\/\/genelcerrahi.net\/wp-content\/uploads\/2017\/01\/image_05-670x446.jpg 670w, http:\/\/genelcerrahi.net\/wp-content\/uploads\/2017\/01\/image_05-600x400.jpg 600w, http:\/\/genelcerrahi.net\/wp-content\/uploads\/2017\/01\/image_05-480x320.jpg 480w, http:\/\/genelcerrahi.net\/wp-content\/uploads\/2017\/01\/image_05-390x260.jpg 390w\" sizes=\"(max-width: 285px) 100vw, 285px\" \/><div class=\"description\"><h4>Lorem ipsum dolor sit amet<\/h4><h5>Primary Health Care Clinic<\/h5><\/div><ul class=\"controls\">\n\t\t\t\t<li>\n\t\t\t\t\t<a href=\"http:\/\/genelcerrahi.net\/wp-content\/uploads\/2017\/01\/image_05.jpg\" class=\"template-plus-2 fancybox open-lightbox\" rel=\"carousel[carousel]\" title=\"Lorem ipsum dolor sit amet\"><\/a>\n\t\t\t\t<\/li>\n\t\t\t<\/ul>\n\t\t<\/li><li class=\"gallery-box hover-icons-off\"><img width=\"285\" height=\"190\" src=\"http:\/\/genelcerrahi.net\/wp-content\/uploads\/2017\/01\/image_06-285x190.jpg\" class=\"attachment-medicenter-gallery-thumb-type-2 size-medicenter-gallery-thumb-type-2\" alt=\"\" loading=\"lazy\" srcset=\"http:\/\/genelcerrahi.net\/wp-content\/uploads\/2017\/01\/image_06-285x190.jpg 285w, http:\/\/genelcerrahi.net\/wp-content\/uploads\/2017\/01\/image_06-670x446.jpg 670w, http:\/\/genelcerrahi.net\/wp-content\/uploads\/2017\/01\/image_06-600x400.jpg 600w, http:\/\/genelcerrahi.net\/wp-content\/uploads\/2017\/01\/image_06-480x320.jpg 480w, http:\/\/genelcerrahi.net\/wp-content\/uploads\/2017\/01\/image_06-390x260.jpg 390w\" sizes=\"(max-width: 285px) 100vw, 285px\" \/><div class=\"description\"><h4>Lorem ipsum dolor sit amet<\/h4><h5>Primary Health Care Clinic<\/h5><\/div><ul class=\"controls\">\n\t\t\t\t<li>\n\t\t\t\t\t<a href=\"http:\/\/genelcerrahi.net\/wp-content\/uploads\/2017\/01\/image_06.jpg\" class=\"template-plus-2 fancybox open-lightbox\" rel=\"carousel[carousel]\" title=\"Lorem ipsum dolor sit amet\"><\/a>\n\t\t\t\t<\/li>\n\t\t\t<\/ul>\n\t\t<\/li><li class=\"gallery-box hover-icons-off\"><img width=\"285\" height=\"190\" src=\"http:\/\/genelcerrahi.net\/wp-content\/uploads\/2017\/01\/image_07-285x190.jpg\" class=\"attachment-medicenter-gallery-thumb-type-2 size-medicenter-gallery-thumb-type-2\" alt=\"\" loading=\"lazy\" srcset=\"http:\/\/genelcerrahi.net\/wp-content\/uploads\/2017\/01\/image_07-285x190.jpg 285w, http:\/\/genelcerrahi.net\/wp-content\/uploads\/2017\/01\/image_07-600x400.jpg 600w, http:\/\/genelcerrahi.net\/wp-content\/uploads\/2017\/01\/image_07-480x320.jpg 480w, http:\/\/genelcerrahi.net\/wp-content\/uploads\/2017\/01\/image_07-390x260.jpg 390w\" sizes=\"(max-width: 285px) 100vw, 285px\" \/><div class=\"description\"><h4>Lorem ipsum dolor sit amet<\/h4><h5>Primary Health Care Clinic<\/h5><\/div><ul class=\"controls\">\n\t\t\t\t<li>\n\t\t\t\t\t<a href=\"http:\/\/genelcerrahi.net\/wp-content\/uploads\/2017\/01\/image_07.jpg\" class=\"template-plus-2 fancybox open-lightbox\" rel=\"carousel[carousel]\" title=\"Lorem ipsum dolor sit amet\"><\/a>\n\t\t\t\t<\/li>\n\t\t\t<\/ul>\n\t\t<\/li><li class=\"gallery-box hover-icons-off\"><img width=\"285\" height=\"190\" src=\"http:\/\/genelcerrahi.net\/wp-content\/uploads\/2017\/01\/image_08-285x190.jpg\" class=\"attachment-medicenter-gallery-thumb-type-2 size-medicenter-gallery-thumb-type-2\" alt=\"\" loading=\"lazy\" srcset=\"http:\/\/genelcerrahi.net\/wp-content\/uploads\/2017\/01\/image_08-285x190.jpg 285w, http:\/\/genelcerrahi.net\/wp-content\/uploads\/2017\/01\/image_08-670x446.jpg 670w, http:\/\/genelcerrahi.net\/wp-content\/uploads\/2017\/01\/image_08-600x400.jpg 600w, http:\/\/genelcerrahi.net\/wp-content\/uploads\/2017\/01\/image_08-480x320.jpg 480w, http:\/\/genelcerrahi.net\/wp-content\/uploads\/2017\/01\/image_08-390x260.jpg 390w\" sizes=\"(max-width: 285px) 100vw, 285px\" \/><div class=\"description\"><h4>Lorem ipsum dolor sit amet<\/h4><h5>Primary Health Care Clinic<\/h5><\/div><ul class=\"controls\">\n\t\t\t\t<li>\n\t\t\t\t\t<a href=\"http:\/\/genelcerrahi.net\/wp-content\/uploads\/2017\/01\/image_08.jpg\" class=\"template-plus-2 fancybox open-lightbox\" rel=\"carousel[carousel]\" title=\"Lorem ipsum dolor sit amet\"><\/a>\n\t\t\t\t<\/li>\n\t\t\t<\/ul>\n\t\t<\/li><li class=\"gallery-box hover-icons-off\"><img width=\"285\" height=\"190\" src=\"http:\/\/genelcerrahi.net\/wp-content\/uploads\/2017\/01\/image_01-285x190.jpg\" class=\"attachment-medicenter-gallery-thumb-type-2 size-medicenter-gallery-thumb-type-2\" alt=\"\" loading=\"lazy\" srcset=\"http:\/\/genelcerrahi.net\/wp-content\/uploads\/2017\/01\/image_01-285x190.jpg 285w, http:\/\/genelcerrahi.net\/wp-content\/uploads\/2017\/01\/image_01-670x446.jpg 670w, http:\/\/genelcerrahi.net\/wp-content\/uploads\/2017\/01\/image_01-600x400.jpg 600w, http:\/\/genelcerrahi.net\/wp-content\/uploads\/2017\/01\/image_01-480x320.jpg 480w, http:\/\/genelcerrahi.net\/wp-content\/uploads\/2017\/01\/image_01-390x260.jpg 390w\" sizes=\"(max-width: 285px) 100vw, 285px\" \/><div class=\"description\"><h4>Lorem ipsum dolor sit amet<\/h4><h5>Primary Health Care Clinic<\/h5><\/div><ul class=\"controls\">\n\t\t\t\t<li>\n\t\t\t\t\t<a href=\"http:\/\/genelcerrahi.net\/wp-content\/uploads\/2017\/01\/image_01.jpg\" class=\"template-plus-2 fancybox open-lightbox\" rel=\"carousel[carousel]\" title=\"Lorem ipsum dolor sit amet\"><\/a>\n\t\t\t\t<\/li>\n\t\t\t<\/ul>\n\t\t<\/li><\/ul><h3 class=\"box-header animation-slide page-margin-top\">Our Laboratory<\/h3>[\/vc_column][\/vc_row][vc_row top_margin=&#8221;page-margin-top&#8221;][vc_column width=&#8221;1\/3&#8243;]<ul class=\"clearfix mc-features mc-features-small mc-features-style-default\"><li class=\"item-content clearfix\">\r\n\t\t\t\t<a class=\"hexagon small animated-element animation-scale\" href=\"http:\/\/genelcerrahi.net\/?features=cure-for-gray-hair\" title=\"Cure for gray hair\"><span class=\"features-leaf\"><\/span><\/a><div class=\"text\"><p>Donec ipsum diam, pretium mollis dapibus risus. Nullam dolor nibh pulvinar at interdum eget.<\/p>\n<div class=\"item-footer clearfix\"><a title=\"Read more\" href=\"http:\/\/genelcerrahi.net\/?features=cure-for-gray-hair\" class=\"more template-arrow-horizontal-1-after\">Read more<\/a><\/div><\/div>\r\n\t\t\t<\/li><li class=\"item-content clearfix\">\r\n\t\t\t\t<a class=\"hexagon small animated-element animation-scale\" href=\"http:\/\/genelcerrahi.net\/?features=generics-strategies\" title=\"Onkolojik Cerrahi\"><span class=\"features-medical-scissors\"><\/span><\/a><div class=\"text\"><p>Sindirim sistemi ba\u015fta olmak \u00fczere i\u00e7 organlara ait kanser hastal\u0131klar\u0131n\u0131n cerrahi tedavisi<\/p>\n<div class=\"item-footer clearfix\"><a title=\"Read more\" href=\"http:\/\/genelcerrahi.net\/?features=generics-strategies\" class=\"more template-arrow-horizontal-1-after\">Read more<\/a><\/div><\/div>\r\n\t\t\t<\/li><\/ul>[\/vc_column][vc_column width=&#8221;1\/3&#8243;]<ul class=\"clearfix mc-features mc-features-small mc-features-style-default\"><li class=\"item-content clearfix\">\r\n\t\t\t\t<a class=\"hexagon small animated-element animation-scale\" href=\"http:\/\/genelcerrahi.net\/?features=consumption-mortality\" title=\"Consumption mortality\"><span class=\"features-wallet\"><\/span><\/a><div class=\"text\"><p>Donec ipsum diam, pretium mollis dapibus risus. Nullam dolor nibh pulvinar at interdum eget.<\/p>\n<div class=\"item-footer clearfix\"><a title=\"Read more\" href=\"http:\/\/genelcerrahi.net\/?features=consumption-mortality\" class=\"more template-arrow-horizontal-1-after\">Read more<\/a><\/div><\/div>\r\n\t\t\t<\/li><li class=\"item-content clearfix\">\r\n\t\t\t\t<a class=\"hexagon small animated-element animation-scale\" href=\"http:\/\/genelcerrahi.net\/?features=muscle-fitness\" title=\"Endokrin Cerrahi\"><span class=\"features-stethoscope\"><\/span><\/a><div class=\"text\"><p>Tiroid (guatr) bezi ve b\u00f6brek \u00fcss\u00fc bezi gibi hormonal organlar\u0131n cerrahi hastal\u0131klar\u0131<\/p>\n<div class=\"item-footer clearfix\"><a title=\"Read more\" href=\"http:\/\/genelcerrahi.net\/?features=muscle-fitness\" class=\"more template-arrow-horizontal-1-after\">Read more<\/a><\/div><\/div>\r\n\t\t\t<\/li><\/ul>[\/vc_column][vc_column width=&#8221;1\/3&#8243;]<ul class=\"clearfix mc-features mc-features-small mc-features-style-default\"><li class=\"item-content clearfix\">\r\n\t\t\t\t<a class=\"hexagon small animated-element animation-scale\" href=\"http:\/\/genelcerrahi.net\/?features=wound-healing-genes\" title=\"F\u0131t\u0131k Cerrahisi\"><span class=\"features-doctor\"><\/span><\/a><div class=\"text\"><p>Kas\u0131k f\u0131t\u0131\u011f\u0131, g\u00f6bek f\u0131t\u0131\u011f\u0131 ve kesi yeri f\u0131t\u0131klar\u0131n\u0131n kapal\u0131 ve a\u00e7\u0131k cerrahi tedavisi<\/p>\n<div class=\"item-footer clearfix\"><a title=\"Read more\" href=\"http:\/\/genelcerrahi.net\/?features=wound-healing-genes\" class=\"more template-arrow-horizontal-1-after\">Read more<\/a><\/div><\/div>\r\n\t\t\t<\/li><li class=\"item-content clearfix\">\r\n\t\t\t\t<a class=\"hexagon small animated-element animation-scale\" href=\"http:\/\/genelcerrahi.net\/?features=studies-of-genetic\" title=\"Refl\u00fc Hastal\u0131\u011f\u0131\"><span class=\"features-stethoscope\"><\/span><\/a><div class=\"text\"><p>Refl\u00fc hastal\u0131\u011f\u0131 asit, safra ve mukustan olu\u015fan mide salg\u0131lar\u0131n\u0131n yemek borusu veya a\u011f\u0131za kadar yer de\u011fi\u015ftirmesidir. <\/p>\n<div class=\"item-footer clearfix\"><a title=\"Read more\" href=\"http:\/\/genelcerrahi.net\/?features=studies-of-genetic\" class=\"more template-arrow-horizontal-1-after\">Read more<\/a><\/div><\/div>\r\n\t\t\t<\/li><\/ul>[\/vc_column][\/vc_row][vc_row top_margin=&#8221;page-margin-top&#8221;][vc_column]<div class=\"clearfix scrolling-controls\">\n\t\t<div class=\"header-left\"><h3 class=\"box-header  animation-slide\">Testimonials<\/h3><\/div>\n\t\t<div class=\"header-right\"><a href=\"#\" id=\"testimonials_prev\" class=\"scrolling-list-control-left template-arrow-horizontal-3\"\"><\/a><a href=\"#\" id=\"testimonials_next\" class=\"scrolling-list-control-right template-arrow-horizontal-3\"><\/a><\/div><\/div>\n\t\t<ul class=\"columns full-width horizontal-carousel testimonials testimonials id-testimonials autoplay-0 pause_on_hover-1 scroll-1 effect-scroll easing-swing duration-500\"><li class=\"wpb_column vc_column_container vc_col-sm-6 template-quote-2\">\n\t\t\t\t<h3 class=\"sentence\">The mind has great influence over the body, and maladies often have their origin there.<\/h3>\n\t\t\t\t<div class=\"clearfix\"><span class=\"sentence-author\">\u2014 John Doe Molicere<\/span><\/div>\n\t\t\t<\/li><li class=\"wpb_column vc_column_container vc_col-sm-6 template-quote-2\">\n\t\t\t\t<h3 class=\"sentence\">There's lots of people in this world who spend so much time watching their health that they haven't the time to enjoy it.<\/h3>\n\t\t\t\t<div class=\"clearfix\"><span class=\"sentence-author\">\u2014 John Doe Molicere<\/span><\/div>\n\t\t\t<\/li><li class=\"wpb_column vc_column_container vc_col-sm-6 template-quote-2\">\n\t\t\t\t<h3 class=\"sentence\">The mind has great influence over the body, and maladies often have their origin there.<\/h3>\n\t\t\t\t<div class=\"clearfix\"><span class=\"sentence-author\">\u2014 John Doe Molicere<\/span><\/div>\n\t\t\t<\/li><li class=\"wpb_column vc_column_container vc_col-sm-6 template-quote-2\">\n\t\t\t\t<h3 class=\"sentence\">There's lots of people in this world who spend so much time watching their health that they haven't the time to enjoy it.<\/h3>\n\t\t\t\t<div class=\"clearfix\"><span class=\"sentence-author\">\u2014 John Doe Molicere<\/span><\/div>\n\t\t\t<\/li><\/ul>[\/vc_column][\/vc_row]<\/p>\n","protected":false},"excerpt":{"rendered":"<p>[vc_row top_margin=&#8221;page-margin-top&#8221;][vc_column width=&#8221;1\/2&#8243;][\/vc_column][vc_column width=&#8221;1\/2&#8243;][\/vc_column][\/vc_row][vc_row top_margin=&#8221;page-margin-top&#8221; el_position=&#8221;last&#8221;][vc_column][\/vc_column][\/vc_row][vc_row top_margin=&#8221;page-margin-top&#8221;][vc_column][\/vc_column][\/vc_row][vc_row top_margin=&#8221;page-margin-top&#8221;][vc_column width=&#8221;1\/3&#8243;][\/vc_column][vc_column width=&#8221;1\/3&#8243;][\/vc_column][vc_column width=&#8221;1\/3&#8243;][\/vc_column][\/vc_row][vc_row top_margin=&#8221;page-margin-top&#8221;][vc_column][\/vc_column][\/vc_row]<\/p>\n","protected":false},"author":1,"featured_media":0,"parent":0,"menu_order":0,"comment_status":"open","ping_status":"open","template":"","meta":[],"_links":{"self":[{"href":"http:\/\/genelcerrahi.net\/index.php?rest_route=\/wp\/v2\/pages\/932"}],"collection":[{"href":"http:\/\/genelcerrahi.net\/index.php?rest_route=\/wp\/v2\/pages"}],"about":[{"href":"http:\/\/genelcerrahi.net\/index.php?rest_route=\/wp\/v2\/types\/page"}],"author":[{"embeddable":true,"href":"http:\/\/genelcerrahi.net\/index.php?rest_route=\/wp\/v2\/users\/1"}],"replies":[{"embeddable":true,"href":"http:\/\/genelcerrahi.net\/index.php?rest_route=%2Fwp%2Fv2%2Fcomments&post=932"}],"version-history":[{"count":0,"href":"http:\/\/genelcerrahi.net\/index.php?rest_route=\/wp\/v2\/pages\/932\/revisions"}],"wp:attachment":[{"href":"http:\/\/genelcerrahi.net\/index.php?rest_route=%2Fwp%2Fv2%2Fmedia&parent=932"}],"curies":[{"name":"wp","href":"https:\/\/api.w.org\/{rel}","templated":true}]}}